{"id":8,"date":"2013-09-17T11:33:34","date_gmt":"2013-09-17T10:33:34","guid":{"rendered":"http:\/\/www.leliseron.com\/?page_id=8"},"modified":"2025-04-15T15:57:05","modified_gmt":"2025-04-15T13:57:05","slug":"le-mot-du-president","status":"publish","type":"page","link":"http:\/\/leliseron.com\/?page_id=8","title":{"rendered":"Le mot du pr\u00e9sident"},"content":{"rendered":"<p><a href=\"http:\/\/www.leliseron.com\/wp-content\/uploads\/2013\/09\/image_083.jpg\"><img loading=\"lazy\" decoding=\"async\" class=\"alignleft\" title=\"Jean-Paul Vergon\" src=\"http:\/\/www.leliseron.com\/wp-content\/uploads\/2013\/09\/image_083.jpg\" alt=\"Jean-Paul Vergon\" width=\"164\" height=\"167\" \/><\/a><\/p>\n<p style=\"text-align: center;\"><img loading=\"lazy\" decoding=\"async\" class=\" wp-image-373 aligncenter\" src=\"http:\/\/www.leliseron.com\/wp-content\/uploads\/2013\/10\/spacer.gif\" alt=\"spacer\" width=\"50\" height=\"130\" \/><\/p>\n<p>Apr\u00e8s 1988 o\u00f9 trois mamans se sont donn\u00e9es la main<br \/>\npour cr\u00e9er l&rsquo;APEL aux c\u00f4t\u00e9s du Comit\u00e9 de soutien \u00e0 Elise,<br \/>\n<strong>le Liseron<\/strong> est n\u00e9 en 1989.<\/p>\n<p>Il a grandi en deux grandes \u00e9tapes :<\/p>\n<ul>\n<li>la premi\u00e8re dans le Service d&rsquo;H\u00e9matologie et Oncologie p\u00e9diatrique du Docteur Emmanuel Plouvier \u00e0 Massonnat Saint Jacques ;<\/li>\n<li>la seconde, il y a dix ans, dans le Service d&rsquo;H\u00e9matologie adulte de Jean Minjoz dirig\u00e9, \u00e0 l&rsquo;\u00e9poque, par le Professeur Jean-Yves Cahn et aujourd&rsquo;hui, sous la responsabilit\u00e9 du Docteur Eric Deconinck.<\/li>\n<\/ul>\n<p>Aujourd&rsquo;hui, entre ces deux Services g\u00e9ographiquement disjoints, les enfants font lien.<\/p>\n<p>vingt-quatre b\u00e9n\u00e9voles forment l&rsquo;\u00e9quipe et douze d&rsquo;entre eux sont engag\u00e9s dans ces deux services (six \u00e0 Saint Jacques, six \u00e0 Minjoz) aupr\u00e8s des patients et de leur famille, en lien \u00e9troit avec les \u00e9quipes soignantes et \u00e9ducatives et les assistantes sociales.<\/p>\n<p>2008 a marqu\u00e9 une \u00e9tape importante pour le Liseron :<br \/>\nPour la premi\u00e8re fois, les deux \u00e9quipes se sont r\u00e9unies et organis\u00e9es pour assurer l&rsquo;accompagnement quotidien de deux jeunes patientes greff\u00e9es, pendant pr\u00e8s de trois semaines, en plein accord avec leurs parents et le Service.<br \/>\nCette premi\u00e8re exp\u00e9rience, r\u00e9ussie, pr\u00e9figure les engagements communs d&rsquo;un futur proche, la mont\u00e9e des unit\u00e9s d&rsquo;H\u00e9matologie et d&rsquo;Oncologie p\u00e9diatrique de Saint Jacques \u00e0 Minjoz annonc\u00e9e pour 2011.<\/p>\n<p>La Franche-Comt\u00e9, bien s\u00fbr, est au rendez-vous de ces vingt ans, autour de son CHU. Elle regroupe, pour 2008,\u00a0 plus de 90 % de nos adh\u00e9rents mais les messages de soutien et d&rsquo;amiti\u00e9 nous viennent des quatre coins de la France. Messages particuliers qui entourent un patient et sa famille, dons de toutes natures li\u00e9s aux \u00e9v\u00e9nements de la vie. Engagements institutionnels, associatifs ou d&rsquo;entreprises, renforc\u00e9s pour aider \u00e0 la mise en place de projets particuliers.<\/p>\n<p>La palette est riche de cette pr\u00e9sence aupr\u00e8s du Liseron. Elle nous construit et construit nos actions.<\/p>\n<p>Rendez-vous ici sur le site ou par tous moyens que vous souhaitrez et, toujours, pour donner la main, ponctuellement ou de fa\u00e7on plus soutenue, <strong><a href=\"http:\/\/www.leliseron.com\/rejoindre_l_association_115.htm\">faites signe<\/a><\/strong> au 09 62 38 78 70<br \/>\nou \u00e0\u00a0 : <a href=\"mailto:asso.leliseron@wanadoo.fr\">asso.leliseron@wanadoo.fr<\/a>.<\/p>\n<p style=\"text-align: center;\">\u00a0________________________<\/p>\n<p style=\"text-align: left; padding-left: 240px;\">\u2192\u00a0<a title=\"Historique\" href=\"http:\/\/www.leliseron.com\/?page_id=160\">Historique<\/a><\/p>\n<p style=\"text-align: left; padding-left: 240px;\">\u2192 <a title=\"Qui sommes-nous ?\" href=\"http:\/\/www.leliseron.com\/?page_id=145\">Qui sommes-nous ?<\/a><\/p>\n<p style=\"text-align: left; padding-left: 240px;\">\u2192 <a title=\"Statuts\" href=\"http:\/\/www.leliseron.com\/?page_id=155\">Statuts<\/a><\/p>\n<p style=\"text-align: left; padding-left: 240px;\">\u2192 <a title=\"Chiffres cl\u00e9s\" href=\"http:\/\/www.leliseron.com\/?page_id=157\">Chiffres cl\u00e9s<\/a><\/p>\n<p style=\"text-align: left; padding-left: 240px;\">\u2192 <a title=\"Ressources\u2026\" href=\"http:\/\/www.leliseron.com\/?page_id=207\">Ressources\u2026<\/a><\/p>\n","protected":false},"excerpt":{"rendered":"<p>Apr\u00e8s 1988 o\u00f9 trois mamans se sont donn\u00e9es la main pour cr\u00e9er l&rsquo;APEL aux c\u00f4t\u00e9s du Comit\u00e9 de soutien \u00e0 Elise, le Liseron est n\u00e9 en 1989. Il a grandi en deux grandes \u00e9tapes : la premi\u00e8re dans le Service d&rsquo;H\u00e9matologie et Oncologie p\u00e9diatrique du Docteur Emmanuel Plouvier \u00e0 Massonnat &#8230;<\/p>\n","protected":false},"author":1,"featured_media":0,"parent":18,"menu_order":1,"comment_status":"closed","ping_status":"closed","template":"","meta":{"footnotes":""},"class_list":["post-8","page","type-page","status-publish","hentry","column","threecol"],"_links":{"self":[{"href":"http:\/\/leliseron.com\/index.php?rest_route=\/wp\/v2\/pages\/8","targetHints":{"allow":["GET"]}}],"collection":[{"href":"http:\/\/leliseron.com\/index.php?rest_route=\/wp\/v2\/pages"}],"about":[{"href":"http:\/\/leliseron.com\/index.php?rest_route=\/wp\/v2\/types\/page"}],"author":[{"embeddable":true,"href":"http:\/\/leliseron.com\/index.php?rest_route=\/wp\/v2\/users\/1"}],"replies":[{"embeddable":true,"href":"http:\/\/leliseron.com\/index.php?rest_route=%2Fwp%2Fv2%2Fcomments&post=8"}],"version-history":[{"count":29,"href":"http:\/\/leliseron.com\/index.php?rest_route=\/wp\/v2\/pages\/8\/revisions"}],"predecessor-version":[{"id":4489,"href":"http:\/\/leliseron.com\/index.php?rest_route=\/wp\/v2\/pages\/8\/revisions\/4489"}],"up":[{"embeddable":true,"href":"http:\/\/leliseron.com\/index.php?rest_route=\/wp\/v2\/pages\/18"}],"wp:attachment":[{"href":"http:\/\/leliseron.com\/index.php?rest_route=%2Fwp%2Fv2%2Fmedia&parent=8"}],"curies":[{"name":"wp","href":"https:\/\/api.w.org\/{rel}","templated":true}]}}