{"id":709,"date":"2013-12-13T11:38:12","date_gmt":"2013-12-13T10:38:12","guid":{"rendered":"http:\/\/www.leliseron.com\/?page_id=709"},"modified":"2014-04-11T08:18:48","modified_gmt":"2014-04-11T07:18:48","slug":"equipe-enfants","status":"publish","type":"page","link":"http:\/\/leliseron.com\/?page_id=709","title":{"rendered":"\u00c9quipe \u00ab\u00a0Enfants\u00a0\u00bb"},"content":{"rendered":"<p>Aupr\u00e8s des enfants et de leur famille, un groupe de b\u00e9n\u00e9voles assure une visite quotidienne en h\u00f4pital de jour et dans le service h\u00e9matologie oncologie p\u00e9diatrique selon un planning \u00e9tabli lors d\u2019une r\u00e9union mensuelle de supervision avec la psychologue des soins palliatifs.<\/p>\n<p>Apr\u00e8s une formation \u00e0 l\u2019\u00e9coute, ces b\u00e9n\u00e9voles se rendent disponibles \u00e0 la rencontre et \u00e0 l\u2019\u00e9change avec les familles qui en \u00e9prouvent le besoin, en toute authenticit\u00e9 et sans jugement.<\/p>\n<p>Elles leur proposent aussi une aide plus mat\u00e9rielle car l&rsquo;association Le Liseron met \u00e0 leur disposition : machine \u00e0 laver et \u00e0 s\u00e9cher le linge et un espace cuisine &#8211; salon t\u00e9l\u00e9, en dehors du service et de la chambre de l\u2019enfant o\u00f9 le nombre de visiteurs est limit\u00e9.<\/p>\n<p style=\"text-align: center;\"><a href=\"http:\/\/www.leliseron.com\/wp-content\/uploads\/2013\/12\/TROMBINOSCOPE-HOP-2014.jpg\"><img loading=\"lazy\" decoding=\"async\" class=\"wp-image-1024 aligncenter\" style=\"border: 5px solid white;\" alt=\"TROMBINOSCOPE HOP - 2014\" src=\"http:\/\/www.leliseron.com\/wp-content\/uploads\/2013\/12\/TROMBINOSCOPE-HOP-2014.jpg\" width=\"583\" height=\"374\" srcset=\"http:\/\/leliseron.com\/wp-content\/uploads\/2013\/12\/TROMBINOSCOPE-HOP-2014.jpg 900w, http:\/\/leliseron.com\/wp-content\/uploads\/2013\/12\/TROMBINOSCOPE-HOP-2014-300x192.jpg 300w, http:\/\/leliseron.com\/wp-content\/uploads\/2013\/12\/TROMBINOSCOPE-HOP-2014-700x448.jpg 700w\" sizes=\"auto, (max-width: 583px) 100vw, 583px\" \/><\/a><\/p>\n","protected":false},"excerpt":{"rendered":"<p>Aupr\u00e8s des enfants et de leur famille, un groupe de b\u00e9n\u00e9voles assure une visite quotidienne en h\u00f4pital de jour et dans le service h\u00e9matologie oncologie p\u00e9diatrique selon un planning \u00e9tabli lors d\u2019une r\u00e9union mensuelle de supervision avec la psychologue des soins palliatifs. Apr\u00e8s une formation \u00e0 l\u2019\u00e9coute, ces b\u00e9n\u00e9voles se &#8230;<\/p>\n","protected":false},"author":1,"featured_media":0,"parent":145,"menu_order":0,"comment_status":"closed","ping_status":"closed","template":"","meta":{"footnotes":""},"class_list":["post-709","page","type-page","status-publish","hentry","column","threecol"],"_links":{"self":[{"href":"http:\/\/leliseron.com\/index.php?rest_route=\/wp\/v2\/pages\/709","targetHints":{"allow":["GET"]}}],"collection":[{"href":"http:\/\/leliseron.com\/index.php?rest_route=\/wp\/v2\/pages"}],"about":[{"href":"http:\/\/leliseron.com\/index.php?rest_route=\/wp\/v2\/types\/page"}],"author":[{"embeddable":true,"href":"http:\/\/leliseron.com\/index.php?rest_route=\/wp\/v2\/users\/1"}],"replies":[{"embeddable":true,"href":"http:\/\/leliseron.com\/index.php?rest_route=%2Fwp%2Fv2%2Fcomments&post=709"}],"version-history":[{"count":10,"href":"http:\/\/leliseron.com\/index.php?rest_route=\/wp\/v2\/pages\/709\/revisions"}],"predecessor-version":[{"id":1327,"href":"http:\/\/leliseron.com\/index.php?rest_route=\/wp\/v2\/pages\/709\/revisions\/1327"}],"up":[{"embeddable":true,"href":"http:\/\/leliseron.com\/index.php?rest_route=\/wp\/v2\/pages\/145"}],"wp:attachment":[{"href":"http:\/\/leliseron.com\/index.php?rest_route=%2Fwp%2Fv2%2Fmedia&parent=709"}],"curies":[{"name":"wp","href":"https:\/\/api.w.org\/{rel}","templated":true}]}}