{"id":56,"date":"2013-09-17T17:24:40","date_gmt":"2013-09-17T16:24:40","guid":{"rendered":"http:\/\/www.leliseron.com\/?page_id=56"},"modified":"2023-04-14T10:59:10","modified_gmt":"2023-04-14T08:59:10","slug":"rejoindre","status":"publish","type":"page","link":"http:\/\/leliseron.com\/?page_id=56","title":{"rendered":"Nous aider"},"content":{"rendered":"<p>L&rsquo;aide \u00e0 l&rsquo;association est multiple et vari\u00e9e ; elle ne se limite pas uniquement \u00e0 des moyens financiers mais peut \u00eatre simplement en donnant de votre temps. Du temps aupr\u00e8s des malades ou de leur famille, du temps pour l&rsquo;organisation de manifestations ou pour la logistique de l&rsquo;association, du temps pour \u00e9changer, du temps pour transmettre, du temps de convivialit\u00e9.<br \/>\u2026<\/p>\n<p>Voici quatres moyens vous permettant de participer aux actions de l&rsquo;association :<\/p>\n<p style=\"text-align: center;\">\u2192\u00a0<a title=\"Adh\u00e9sion\" href=\"http:\/\/www.leliseron.com\/?page_id=172\">L&rsquo;adh\u00e9sion<\/a><\/p>\n<p style=\"text-align: center;\">\u2192 <a title=\"Dons\" href=\"http:\/\/www.leliseron.com\/?page_id=174\">Les dons<\/a><\/p>\n<p style=\"text-align: center;\">\u2192 <a title=\"Vente de produits\" href=\"http:\/\/www.leliseron.com\/?page_id=176\">Vente de produits<\/a><\/p>\n<p style=\"text-align: center;\">\u2192 <a title=\"Devenir b\u00e9n\u00e9vole\" href=\"http:\/\/www.leliseron.com\/?page_id=178\">Devenir b\u00e9n\u00e9vole<\/a><\/p>\n\n\n<p class=\"has-text-align-center\"><br><em>Les dons et adh\u00e9sions \u00e0 l\u2019association Le Liseron donnent droit \u00e0 une r\u00e9duction d\u2019imp\u00f4ts \u00e9gale \u00e0 66 % du montant vers\u00e9 dans les limites fix\u00e9es par la loi en vigueur. Un re\u00e7u fiscal vous sera adress\u00e9.<\/em><\/p>\n","protected":false},"excerpt":{"rendered":"<p>L&rsquo;aide \u00e0 l&rsquo;association est multiple et vari\u00e9e ; elle ne se limite pas uniquement \u00e0 des moyens financiers mais peut \u00eatre simplement en donnant de votre temps. Du temps aupr\u00e8s des malades ou de leur famille, du temps pour l&rsquo;organisation de manifestations ou pour la logistique de l&rsquo;association, du temps &#8230;<\/p>\n","protected":false},"author":1,"featured_media":0,"parent":0,"menu_order":0,"comment_status":"closed","ping_status":"closed","template":"","meta":{"footnotes":""},"class_list":["post-56","page","type-page","status-publish","hentry","column","threecol"],"_links":{"self":[{"href":"http:\/\/leliseron.com\/index.php?rest_route=\/wp\/v2\/pages\/56","targetHints":{"allow":["GET"]}}],"collection":[{"href":"http:\/\/leliseron.com\/index.php?rest_route=\/wp\/v2\/pages"}],"about":[{"href":"http:\/\/leliseron.com\/index.php?rest_route=\/wp\/v2\/types\/page"}],"author":[{"embeddable":true,"href":"http:\/\/leliseron.com\/index.php?rest_route=\/wp\/v2\/users\/1"}],"replies":[{"embeddable":true,"href":"http:\/\/leliseron.com\/index.php?rest_route=%2Fwp%2Fv2%2Fcomments&post=56"}],"version-history":[{"count":13,"href":"http:\/\/leliseron.com\/index.php?rest_route=\/wp\/v2\/pages\/56\/revisions"}],"predecessor-version":[{"id":4085,"href":"http:\/\/leliseron.com\/index.php?rest_route=\/wp\/v2\/pages\/56\/revisions\/4085"}],"wp:attachment":[{"href":"http:\/\/leliseron.com\/index.php?rest_route=%2Fwp%2Fv2%2Fmedia&parent=56"}],"curies":[{"name":"wp","href":"https:\/\/api.w.org\/{rel}","templated":true}]}}