{"id":4906,"date":"2026-04-27T11:42:34","date_gmt":"2026-04-27T09:42:34","guid":{"rendered":"http:\/\/leliseron.com\/?page_id=4906"},"modified":"2026-04-27T12:04:53","modified_gmt":"2026-04-27T10:04:53","slug":"qui-sommes-nous","status":"publish","type":"page","link":"http:\/\/leliseron.com\/?page_id=4906","title":{"rendered":"Qui sommes-nous ?"},"content":{"rendered":"\n<figure class=\"wp-block-table\"><table><tbody><tr><td class=\"has-text-align-left\" data-align=\"left\"><strong>Pr\u00e9sidente + VE<\/strong><\/td><td>\u00c9lisabeth <\/td><td>FORGERON<\/td><\/tr><tr><td class=\"has-text-align-left\" data-align=\"left\"><strong>Pr\u00e9sident honoraire<\/strong><\/td><td>Jean-Paul <\/td><td>VERGON<\/td><\/tr><tr><td class=\"has-text-align-left\" data-align=\"left\"><strong>Vice Pr\u00e9sident<\/strong><\/td><td>Jacky<\/td><td>AUBRY<\/td><\/tr><tr><td class=\"has-text-align-left\" data-align=\"left\"><strong>Tr\u00e9sorier payeur<\/strong><\/td><td>Giorgio<\/td><td>BESSI<\/td><\/tr><tr><td class=\"has-text-align-left\" data-align=\"left\"><strong>Tr\u00e9sorier comptable<\/strong><\/td><td>Bernard<\/td><td>VOUGNON<\/td><\/tr><tr><td class=\"has-text-align-left\" data-align=\"left\"><strong>Secr\u00e9taire + VA<\/strong><\/td><td>\u00c9liane<\/td><td>DORMOIS<\/td><\/tr><tr><td class=\"has-text-align-left\" data-align=\"left\"><strong>Secr\u00e9taire-adjoint + r\u00e9f\u00e9rent g\u00e9n\u00e9ral<\/strong><\/td><td>Michel<\/td><td>SIRON<\/td><\/tr><tr><td class=\"has-text-align-left\" data-align=\"left\"><strong>Membre + VE et VA<\/strong><\/td><td>Sylviane<\/td><td>BELPOIS<\/td><\/tr><tr><td class=\"has-text-align-left\" data-align=\"left\"><strong>Membre + VE et VA<\/strong><\/td><td>Anita<\/td><td>GRIFFON<\/td><\/tr><tr><td class=\"has-text-align-left\" data-align=\"left\"><strong>Membre + VA<\/strong><\/td><td>B\u00e9atrice<\/td><td>SANCHEZ<\/td><\/tr><tr><td class=\"has-text-align-left\" data-align=\"left\"><strong>R\u00e9f\u00e9rent HOP enfants + VE<\/strong><\/td><td>R\u00e9gine <\/td><td>SIRON<\/td><\/tr><tr><td class=\"has-text-align-left\" data-align=\"left\"><strong>Membre + VE<\/strong><\/td><td>pascale<\/td><td>BAUDIER<\/td><\/tr><tr><td class=\"has-text-align-left\" data-align=\"left\"><strong>Membre + VA<\/strong><\/td><td>Claude<\/td><td>BILLOT-LAILLET<\/td><\/tr><tr><td class=\"has-text-align-left\" data-align=\"left\"><strong>Membre + VE<\/strong><\/td><td>Pierrette<\/td><td>DORNIER<\/td><\/tr><tr><td class=\"has-text-align-left\" data-align=\"left\"><strong>Membre + VA<\/strong><\/td><td>Andr\u00e9e<\/td><td>GENEVRE<\/td><\/tr><tr><td class=\"has-text-align-left\" data-align=\"left\"><strong>Membre + VA<\/strong><\/td><td>Simone<\/td><td>GIRARD<\/td><\/tr><tr><td class=\"has-text-align-left\" data-align=\"left\"><strong>R\u00e9f\u00e9rent H\u00e9matologie Adulte + VA<\/strong><\/td><td>Chantal<\/td><td>AMIOTTE<\/td><\/tr><tr><td class=\"has-text-align-left\" data-align=\"left\"><strong>Membre + VA<\/strong><\/td><td>Pierre<\/td><td>MARTIN ROSSEL<\/td><\/tr><tr><td class=\"has-text-align-left\" data-align=\"left\"><strong>Membre + VA<\/strong><\/td><td>Andr\u00e9e<\/td><td>MEYER<\/td><\/tr><tr><td class=\"has-text-align-left\" data-align=\"left\"><strong>Membre<\/strong><\/td><td>Bernard<\/td><td>PORTERET<\/td><\/tr><tr><td class=\"has-text-align-left\" data-align=\"left\"><strong>Membre + VE<\/strong><\/td><td>Marguerite<\/td><td>SEIGNER<\/td><\/tr><tr><td class=\"has-text-align-left\" data-align=\"left\"><strong>Membre + VA<\/strong><\/td><td>Gillette<\/td><td>VOUGNON<\/td><\/tr><\/tbody><\/table><\/figure>\n\n\n\n<p><em>\u00a0\u00a0\u00a0\u2022 VA : visiteur Adulte<br>\u00a0\u00a0\u00a0\u2022 VE : visiteur Enfants<\/em><\/p>\n\n\n\n<p><\/p>\n","protected":false},"excerpt":{"rendered":"<p>Pr\u00e9sidente + VE \u00c9lisabeth FORGERON Pr\u00e9sident honoraire Jean-Paul VERGON Vice Pr\u00e9sident Jacky AUBRY Tr\u00e9sorier payeur Giorgio BESSI Tr\u00e9sorier comptable Bernard VOUGNON Secr\u00e9taire + VA \u00c9liane DORMOIS Secr\u00e9taire-adjoint + r\u00e9f\u00e9rent g\u00e9n\u00e9ral Michel SIRON Membre + VE et VA Sylviane BELPOIS Membre + VE et VA Anita GRIFFON Membre + VA B\u00e9atrice &#8230;<\/p>\n","protected":false},"author":1,"featured_media":0,"parent":0,"menu_order":0,"comment_status":"closed","ping_status":"closed","template":"","meta":{"footnotes":""},"class_list":["post-4906","page","type-page","status-publish","hentry","column","threecol"],"_links":{"self":[{"href":"http:\/\/leliseron.com\/index.php?rest_route=\/wp\/v2\/pages\/4906","targetHints":{"allow":["GET"]}}],"collection":[{"href":"http:\/\/leliseron.com\/index.php?rest_route=\/wp\/v2\/pages"}],"about":[{"href":"http:\/\/leliseron.com\/index.php?rest_route=\/wp\/v2\/types\/page"}],"author":[{"embeddable":true,"href":"http:\/\/leliseron.com\/index.php?rest_route=\/wp\/v2\/users\/1"}],"replies":[{"embeddable":true,"href":"http:\/\/leliseron.com\/index.php?rest_route=%2Fwp%2Fv2%2Fcomments&post=4906"}],"version-history":[{"count":7,"href":"http:\/\/leliseron.com\/index.php?rest_route=\/wp\/v2\/pages\/4906\/revisions"}],"predecessor-version":[{"id":4917,"href":"http:\/\/leliseron.com\/index.php?rest_route=\/wp\/v2\/pages\/4906\/revisions\/4917"}],"wp:attachment":[{"href":"http:\/\/leliseron.com\/index.php?rest_route=%2Fwp%2Fv2%2Fmedia&parent=4906"}],"curies":[{"name":"wp","href":"https:\/\/api.w.org\/{rel}","templated":true}]}}