{"id":431,"date":"2013-12-06T18:05:16","date_gmt":"2013-12-06T17:05:16","guid":{"rendered":"http:\/\/www.leliseron.com\/?page_id=431"},"modified":"2014-03-17T16:54:45","modified_gmt":"2014-03-17T15:54:45","slug":"conseil-dadministration","status":"publish","type":"page","link":"http:\/\/leliseron.com\/?page_id=431","title":{"rendered":"Conseil d&rsquo;administration"},"content":{"rendered":"<figure id=\"attachment_1074\" aria-describedby=\"caption-attachment-1074\" style=\"width: 427px\" class=\"wp-caption aligncenter\"><a href=\"http:\/\/www.leliseron.com\/wp-content\/uploads\/2014\/02\/IMG_8807.1.jpg\"><img loading=\"lazy\" decoding=\"async\" class=\" wp-image-1074 \" alt=\"Conseil-Administration-2012\" src=\"http:\/\/www.leliseron.com\/wp-content\/uploads\/2014\/02\/IMG_8807.1-300x180.jpg\" width=\"427\" height=\"256\" srcset=\"http:\/\/leliseron.com\/wp-content\/uploads\/2014\/02\/IMG_8807.1-300x180.jpg 300w, http:\/\/leliseron.com\/wp-content\/uploads\/2014\/02\/IMG_8807.1-700x420.jpg 700w, http:\/\/leliseron.com\/wp-content\/uploads\/2014\/02\/IMG_8807.1.jpg 750w\" sizes=\"auto, (max-width: 427px) 100vw, 427px\" \/><\/a><figcaption id=\"caption-attachment-1074\" class=\"wp-caption-text\">Le conseil d&rsquo;administration \u00e0 l&rsquo;assembl\u00e9e g\u00e9n\u00e9rale du Liseron &#8211; 2012<\/figcaption><\/figure>\n","protected":false},"excerpt":{"rendered":"","protected":false},"author":1,"featured_media":0,"parent":145,"menu_order":0,"comment_status":"closed","ping_status":"closed","template":"","meta":{"footnotes":""},"class_list":["post-431","page","type-page","status-publish","hentry","column","threecol"],"_links":{"self":[{"href":"http:\/\/leliseron.com\/index.php?rest_route=\/wp\/v2\/pages\/431","targetHints":{"allow":["GET"]}}],"collection":[{"href":"http:\/\/leliseron.com\/index.php?rest_route=\/wp\/v2\/pages"}],"about":[{"href":"http:\/\/leliseron.com\/index.php?rest_route=\/wp\/v2\/types\/page"}],"author":[{"embeddable":true,"href":"http:\/\/leliseron.com\/index.php?rest_route=\/wp\/v2\/users\/1"}],"replies":[{"embeddable":true,"href":"http:\/\/leliseron.com\/index.php?rest_route=%2Fwp%2Fv2%2Fcomments&post=431"}],"version-history":[{"count":4,"href":"http:\/\/leliseron.com\/index.php?rest_route=\/wp\/v2\/pages\/431\/revisions"}],"predecessor-version":[{"id":1214,"href":"http:\/\/leliseron.com\/index.php?rest_route=\/wp\/v2\/pages\/431\/revisions\/1214"}],"up":[{"embeddable":true,"href":"http:\/\/leliseron.com\/index.php?rest_route=\/wp\/v2\/pages\/145"}],"wp:attachment":[{"href":"http:\/\/leliseron.com\/index.php?rest_route=%2Fwp%2Fv2%2Fmedia&parent=431"}],"curies":[{"name":"wp","href":"https:\/\/api.w.org\/{rel}","templated":true}]}}