{"id":313,"date":"2013-11-05T17:15:24","date_gmt":"2013-11-05T16:15:24","guid":{"rendered":"http:\/\/www.leliseron.com\/?page_id=313"},"modified":"2023-09-23T17:56:39","modified_gmt":"2023-09-23T15:56:39","slug":"mentions-legales","status":"publish","type":"page","link":"http:\/\/leliseron.com\/?page_id=313","title":{"rendered":"Mentions l\u00e9gales"},"content":{"rendered":"\n<h4 class=\"has-text-align-center wp-block-heading\">\u00c9diteur du site :<\/h4>\n\n\n\n<p class=\"has-text-align-center\"><strong>Association Le Liseron<\/strong><br>CHU Jean Minjoz,<br>b\u00e2timent vert &#8211; 2e \u00e9tage,<br>3 bd Alexandre Fleming<br>25030 Besan\u00e7on Cedex<br>T\u00e9l.: 03 81 81 04 19<br>asso.leliseron@wanadoo.fr<\/p>\n\n\n\n<hr class=\"wp-block-separator has-alpha-channel-opacity is-style-dots\"\/>\n\n\n\n<h4 class=\"has-text-align-center wp-block-heading\">Directrice de la publication :<\/h4>\n\n\n\n<p class=\"has-text-align-center\">Elisabeth Forgeron<br>T\u00e9l.: 03 81 81 04 19<br>asso.leliseron@wanadoo.fr<br>Responsable du site : Jean-Luc Royer<\/p>\n\n\n\n<hr class=\"wp-block-separator has-alpha-channel-opacity is-style-dots\"\/>\n\n\n\n<h4 class=\"has-text-align-center wp-block-heading\">Conception graphique \/ Webmaster :<\/h4>\n\n\n\n<p class=\"has-text-align-center\">Jean-Luc Royer<br>T\u00e9l.: 07 81 41 74 74<br><em><a href=\"mailto:\" target=\"_blank\" rel=\"noopener\"> jeanluc.royer@ovh.fr<\/a><\/em><\/p>\n\n\n\n<hr class=\"wp-block-separator has-alpha-channel-opacity is-style-dots\"\/>\n\n\n\n<h4 class=\"has-text-align-center wp-block-heading\">H\u00e9bergement :<\/h4>\n\n\n\n<p class=\"has-text-align-center\">Izisoftware<br>Centre d&rsquo;affaires de Nancy<br>109, bd d&rsquo;Haussonville<br>54000 NANCY<br>Te\u0301l : 08 99 15 50 00<br>http:\/\/www.izispot.com<\/p>\n\n\n\n<hr class=\"wp-block-separator has-alpha-channel-opacity is-style-dots\"\/>\n\n\n\n<h4 class=\"has-text-align-center wp-block-heading\">Informatique et Libert\u00e9s :<\/h4>\n\n\n\n<p class=\"has-text-align-center\">Les donn\u00e9es vous concernant pourront \u00eatre utilis\u00e9es<br>par l\u2019association <strong>Le Liseron<\/strong> afin de vous envoyer des informations.<br>En aucun cas elles ne seront communiqu\u00e9es \u00e0 des tiers.<br>Conform\u00e9ment \u00e0 la loi \u00ab informatique et libert\u00e9s \u00bb,<br>vous disposez d\u2019un droit d\u2019acc\u00e8s, de rectification<br>et de suppression des donn\u00e9es qui vous concernent.<\/p>\n\n\n\n<p class=\"has-text-align-center\">Vous pouvez exercer ces droits en vous adressant \u00e0 :<br><a href=\"mailto:\" target=\"_blank\" rel=\"noopener\">asso.leliseron@wanadoo.fr<\/a><\/p>\n\n\n\n<p>Si vous estimez, apr\u00e8s nous avoir contact\u00e9, que vos droits concernant vos donn\u00e9es personnelles ne sont pas respect\u00e9s, Vous pouvez introduire une r\u00e9clamation aupr\u00e8s de la CNIL : <br><a href=\"https:\/\/www.cnil.fr\/fr\/cnil-direct\/question\/adresser-une-reclamation-plainte-la-cnil-quelles-conditions-et-comment\" target=\"_blank\" rel=\"noreferrer noopener\">https:\/\/www.cnil.fr\/fr\/cnil-direct\/question\/adresser-une-reclamation-plainte-la-cnil-quelles-conditions-et-comment<\/a><\/p>\n\n\n\n<h4 class=\"has-text-align-center wp-block-heading\">Politique de gestion des Cookies<\/h4>\n\n\n\n<p>Le site utilise des cookies, destin\u00e9s \u00e0 stocker sur votre poste des informations relatives \u00e0 votre navigation sur notre site. Il r\u00e9cup\u00e8re et enregistre des informations de notre site et de votre poste (pages consult\u00e9es, la date et l\u2019heure de la consultation, syst\u00e8me d\u2019exploitation utilis\u00e9, navigateur utilis\u00e9\u2026) qui pourront \u00eatre lues lors de visites ult\u00e9rieures, mais que nous pouvons \u00e9galement utiliser pour analyser et am\u00e9liorer le fonctionnement de notre site, en renforcer la s\u00e9curit\u00e9 et en d\u00e9duire des statistiques d\u2019utilisation.<\/p>\n\n\n\n<p>Diff\u00e9rents types de cookies sont utilis\u00e9s sur notre site, ils ont des finalit\u00e9s diff\u00e9rentes. Certains peuvent \u00eatre n\u00e9cessaires \u00e0 votre utilisation de notre site.<\/p>\n\n\n\n<p>L\u2019ensemble des cookies a une dur\u00e9e de validit\u00e9 maximale de 12 mois.<\/p>\n\n\n\n<p><strong>Comment accepter ou refuser les cookies ?<\/strong><\/p>\n\n\n\n<p>Vous pouvez \u00e0 tout moment choisir de d\u00e9sactiver ces cookies en param\u00e9trant de 2 mani\u00e8res :<\/p>\n\n\n\n<p>Depuis le site, en cliquant sur \u00ab REFUSER \u00bb depuis le bandeau d\u2019information d\u00e9di\u00e9 aux Cookies que vous voyez appara\u00eetre lors de votre premi\u00e8re visite ;<\/p>\n\n\n\n<p>Dans votre navigateur Internet. Nous vous rappelons que le param\u00e9trage est susceptible de modifier vos conditions d\u2019acc\u00e8s \u00e0 nos services n\u00e9cessitant l\u2019utilisation de cookies (si votre navigateur est configur\u00e9 de mani\u00e8re \u00e0 refuser l\u2019ensemble des cookies).<\/p>\n\n\n<div class=\"wp-block-image\">\n<figure class=\"aligncenter\"><img loading=\"lazy\" decoding=\"async\" width=\"150\" height=\"150\" src=\"http:\/\/www.leliseron.com\/wp-content\/uploads\/2013\/11\/Logo_LeLiseron-RVB-150x150.jpg\" alt=\"Logo association LeLiseron\" class=\"wp-image-1815\" srcset=\"http:\/\/leliseron.com\/wp-content\/uploads\/2013\/11\/Logo_LeLiseron-RVB-150x150.jpg 150w, http:\/\/leliseron.com\/wp-content\/uploads\/2013\/11\/Logo_LeLiseron-RVB-432x432.jpg 432w, http:\/\/leliseron.com\/wp-content\/uploads\/2013\/11\/Logo_LeLiseron-RVB-268x268.jpg 268w\" sizes=\"auto, (max-width: 150px) 100vw, 150px\" \/><\/figure>\n<\/div>\n\n\n<p class=\"has-text-align-center\"><\/p>\n","protected":false},"excerpt":{"rendered":"<p>\u00c9diteur du site : Association Le LiseronCHU Jean Minjoz,b\u00e2timent vert &#8211; 2e \u00e9tage,3 bd Alexandre Fleming25030 Besan\u00e7on CedexT\u00e9l.: 03 81 81 04 19asso.leliseron@wanadoo.fr Directrice de la publication : Elisabeth ForgeronT\u00e9l.: 03 81 81 04 19asso.leliseron@wanadoo.frResponsable du site : Jean-Luc Royer Conception graphique \/ Webmaster : Jean-Luc RoyerT\u00e9l.: 07 81 41 &#8230;<\/p>\n","protected":false},"author":1,"featured_media":0,"parent":0,"menu_order":0,"comment_status":"closed","ping_status":"closed","template":"template-full-width.php","meta":{"footnotes":""},"class_list":["post-313","page","type-page","status-publish","hentry","column","threecol"],"_links":{"self":[{"href":"http:\/\/leliseron.com\/index.php?rest_route=\/wp\/v2\/pages\/313","targetHints":{"allow":["GET"]}}],"collection":[{"href":"http:\/\/leliseron.com\/index.php?rest_route=\/wp\/v2\/pages"}],"about":[{"href":"http:\/\/leliseron.com\/index.php?rest_route=\/wp\/v2\/types\/page"}],"author":[{"embeddable":true,"href":"http:\/\/leliseron.com\/index.php?rest_route=\/wp\/v2\/users\/1"}],"replies":[{"embeddable":true,"href":"http:\/\/leliseron.com\/index.php?rest_route=%2Fwp%2Fv2%2Fcomments&post=313"}],"version-history":[{"count":28,"href":"http:\/\/leliseron.com\/index.php?rest_route=\/wp\/v2\/pages\/313\/revisions"}],"predecessor-version":[{"id":4233,"href":"http:\/\/leliseron.com\/index.php?rest_route=\/wp\/v2\/pages\/313\/revisions\/4233"}],"wp:attachment":[{"href":"http:\/\/leliseron.com\/index.php?rest_route=%2Fwp%2Fv2%2Fmedia&parent=313"}],"curies":[{"name":"wp","href":"https:\/\/api.w.org\/{rel}","templated":true}]}}