{"id":23,"date":"2013-09-17T11:50:05","date_gmt":"2013-09-17T10:50:05","guid":{"rendered":"http:\/\/www.leliseron.com\/?page_id=23"},"modified":"2014-04-14T11:29:36","modified_gmt":"2014-04-14T10:29:36","slug":"les-trappeurs","status":"publish","type":"page","link":"http:\/\/leliseron.com\/?page_id=23","title":{"rendered":"Les Trappeurs"},"content":{"rendered":"<p><img loading=\"lazy\" decoding=\"async\" class=\"alignleft size-full wp-image-607\" title=\"Les Trappeurs\" alt=\"Les Trappeurs\" src=\"http:\/\/www.leliseron.com\/wp-content\/uploads\/2013\/09\/image_084-copie.jpg\" width=\"255\" height=\"254\" srcset=\"http:\/\/leliseron.com\/wp-content\/uploads\/2013\/09\/image_084-copie.jpg 330w, http:\/\/leliseron.com\/wp-content\/uploads\/2013\/09\/image_084-copie-150x150.jpg 150w, http:\/\/leliseron.com\/wp-content\/uploads\/2013\/09\/image_084-copie-300x300.jpg 300w, http:\/\/leliseron.com\/wp-content\/uploads\/2013\/09\/image_084-copie-268x268.jpg 268w\" sizes=\"auto, (max-width: 255px) 100vw, 255px\" \/>Les Trappeurs du \u00ab\u00a0Liseron\u00a0\u00bb ont dix ans et pas besoin d&rsquo;aller en Alaska pour les trouver.<br \/>\nQui dit Trappeurs dit sorties, \u00e9vasions, tout est OK pour nos petits malades.<\/p>\n<p><span style=\"color: #800000;\"><strong>Principales sorties :<br \/>\n&#8211; <\/strong><\/span>Raquettes ;<br \/>\n&#8211; Bapt\u00eames de l&rsquo;air ;<br \/>\n&#8211; Sorties en b\u00e2teau ;<br \/>\n&#8211; Visites de toutes sortes : caserne des pompiers,\u00a0\u00a0\u00a0 mus\u00e9es, Dino-zoo, Citadelle, grottes\u2026<\/p>\n<p>Tout s&rsquo;organise entre les petits Trappeurs, les parents et les accompagnateurs du Liseron,<br \/>\npour retrouver les enfants en dehors des services hospitaliers.<\/p>\n<p><a href=\"http:\/\/www.leliseron.com\/wp-content\/uploads\/2013\/12\/Capture-d\u2019e\u0301cran-2013-12-09-a\u0300-15.45.01.jpg\"><img loading=\"lazy\" decoding=\"async\" class=\" wp-image-571 alignright\" title=\"Bapt\u00eame de l\u2019air\" alt=\"Bapt\u00eame de l\u2019air\" src=\"http:\/\/www.leliseron.com\/wp-content\/uploads\/2013\/12\/Capture-d\u2019e\u0301cran-2013-12-09-a\u0300-15.45.01.jpg\" width=\"253\" height=\"172\" \/><\/a>Moments pour un souffle nouveau, un souffle o\u00f9 l&rsquo;\u00e9vasion et le r\u00eave font oublier la maladie et son quotidien, se retrouver entre eux petits et plus grands, accompagn\u00e9s par le\u00a0Liseron<br \/>\nle temps d&rsquo;une journ\u00e9e ou d&rsquo;un week-end.<\/p>\n<p>Les papas et les mamans confient leurs enfants pour ces sorties dans toutes les r\u00e8gles de s\u00e9curit\u00e9 et de soins, en plein accord avec le Service o\u00f9 ils sont soign\u00e9s, mais les fr\u00e8res et s\u0153urs sont toujours les bienvenus.<\/p>\n<p style=\"text-align: center;\"><img loading=\"lazy\" decoding=\"async\" class=\"size-full wp-image-373 aligncenter\" alt=\"spacer\" src=\"http:\/\/www.leliseron.com\/wp-content\/uploads\/2013\/10\/spacer.gif\" width=\"10\" height=\"10\" \/>Toutes les \u00ab escapades \u00bb \u00e0 venir seront pour vous les enfants !<\/p>\n<p style=\"text-align: center;\">\u00a0\u00a0\u00a0\u00a0\u00a0\u00a0\u00a0\u00a0\u00a0\u00a0\u00a0\u00a0\u00a0\u00a0\u00a0\u00a0\u00a0\u00a0\u00a0\u00a0\u00a0\u00a0\u00a0\u00a0\u00a0\u00a0\u00a0\u00a0\u00a0\u00a0\u00a0\u00a0\u00a0\u00a0\u00a0\u00a0\u00a0\u00a0\u00a0\u00a0\u00a0\u00a0\u00a0\u00a0\u00a0\u00a0\u00a0\u00a0\u00a0\u00a0\u00a0\u00a0\u00a0\u00a0\u00a0\u00a0\u00a0\u00a0\u00a0\u00a0\u00a0\u00a0\u00a0\u00a0\u00a0\u00a0\u00a0\u00a0\u00a0\u00a0\u00a0\u00a0\u00a0\u00a0\u00a0\u00a0\u00a0\u00a0\u00a0\u00a0\u00a0\u00a0\u00a0\u00a0\u00a0\u00a0\u00a0\u00a0\u00a0\u00a0\u00a0 Votre Trappeur, Pierrette<\/p>\n<p style=\"text-align: left;\"><img loading=\"lazy\" decoding=\"async\" class=\"aligncenter\" alt=\"spacer\" src=\"http:\/\/www.leliseron.com\/wp-content\/uploads\/2013\/10\/spacer.gif\" width=\"10\" height=\"10\" \/>Vous pouvez m&rsquo;appeler au <span style=\"color: #008080;\"><strong>03 81 39 42 13<\/strong><\/span><br \/>\nou m&rsquo;\u00e9crire : Pierrette DORNIER &#8211; 7 Rue Saint Vincent de Paul &#8211; 25300 PONTARLIER<br \/>\n<img loading=\"lazy\" decoding=\"async\" alt=\"spacer\" src=\"http:\/\/www.leliseron.com\/wp-content\/uploads\/2013\/10\/spacer.gif\" width=\"10\" height=\"10\" \/><\/p>\n<p><img loading=\"lazy\" decoding=\"async\" class=\"aligncenter size-medium wp-image-986\" alt=\"filet-transparent\" src=\"http:\/\/www.leliseron.com\/wp-content\/uploads\/2013\/11\/filet-transparent-300x4.gif\" width=\"300\" height=\"4\" srcset=\"http:\/\/leliseron.com\/wp-content\/uploads\/2013\/11\/filet-transparent-300x4.gif 300w, http:\/\/leliseron.com\/wp-content\/uploads\/2013\/11\/filet-transparent-332x6.gif 332w\" sizes=\"auto, (max-width: 300px) 100vw, 300px\" \/><br \/>\n\u2022 Exemple d&rsquo;activit\u00e9s des Trappeurs :<br \/>\n&gt;&gt; <a title=\"Les trappeurs, tour du Mont Blanc en avion, 1er sept. 2013\" href=\"http:\/\/www.leliseron.com\/?p=1192\">Tour du Mont Blanc en Avion<\/a>.<\/p>\n","protected":false},"excerpt":{"rendered":"<p>Les Trappeurs du \u00ab\u00a0Liseron\u00a0\u00bb ont dix ans et pas besoin d&rsquo;aller en Alaska pour les trouver. Qui dit Trappeurs dit sorties, \u00e9vasions, tout est OK pour nos petits malades. Principales sorties : &#8211; Raquettes ; &#8211; Bapt\u00eames de l&rsquo;air ; &#8211; Sorties en b\u00e2teau ; &#8211; Visites de toutes sortes &#8230;<\/p>\n","protected":false},"author":1,"featured_media":607,"parent":20,"menu_order":0,"comment_status":"closed","ping_status":"closed","template":"","meta":{"footnotes":""},"class_list":["post-23","page","type-page","status-publish","has-post-thumbnail","hentry","column","threecol","has-thumbnail"],"_links":{"self":[{"href":"http:\/\/leliseron.com\/index.php?rest_route=\/wp\/v2\/pages\/23","targetHints":{"allow":["GET"]}}],"collection":[{"href":"http:\/\/leliseron.com\/index.php?rest_route=\/wp\/v2\/pages"}],"about":[{"href":"http:\/\/leliseron.com\/index.php?rest_route=\/wp\/v2\/types\/page"}],"author":[{"embeddable":true,"href":"http:\/\/leliseron.com\/index.php?rest_route=\/wp\/v2\/users\/1"}],"replies":[{"embeddable":true,"href":"http:\/\/leliseron.com\/index.php?rest_route=%2Fwp%2Fv2%2Fcomments&post=23"}],"version-history":[{"count":15,"href":"http:\/\/leliseron.com\/index.php?rest_route=\/wp\/v2\/pages\/23\/revisions"}],"predecessor-version":[{"id":1332,"href":"http:\/\/leliseron.com\/index.php?rest_route=\/wp\/v2\/pages\/23\/revisions\/1332"}],"up":[{"embeddable":true,"href":"http:\/\/leliseron.com\/index.php?rest_route=\/wp\/v2\/pages\/20"}],"wp:featuredmedia":[{"embeddable":true,"href":"http:\/\/leliseron.com\/index.php?rest_route=\/wp\/v2\/media\/607"}],"wp:attachment":[{"href":"http:\/\/leliseron.com\/index.php?rest_route=%2Fwp%2Fv2%2Fmedia&parent=23"}],"curies":[{"name":"wp","href":"https:\/\/api.w.org\/{rel}","templated":true}]}}