{"id":194,"date":"2013-10-21T18:49:34","date_gmt":"2013-10-21T17:49:34","guid":{"rendered":"http:\/\/www.leliseron.com\/?page_id=194"},"modified":"2021-01-28T18:29:55","modified_gmt":"2021-01-28T17:29:55","slug":"institutionnels","status":"publish","type":"page","link":"http:\/\/leliseron.com\/?page_id=194","title":{"rendered":"Partenaires institutionnels"},"content":{"rendered":"<div class=\"wp-block-wptb-table-block\"><div class=\"wptb-container-legacy\" data-table-id=\"3427\">\n    <table class=\"wptb-preview-table wptb-element-main-table_setting-3419 edit-active\" style=\"border: 1px solid rgb(209, 209, 209);\" data-reconstraction=\"1\" data-wptb-table-tds-sum-max-width=\"384\" data-wptb-cells-width-auto-count=\"1\" role=\"table\" data-wptb-td-width-auto=\"27\" data-wptb-responsive-directives=\"eyJyZXNwb25zaXZlRW5hYmxlZCI6dHJ1ZSwicmVzcG9uc2l2ZU1vZGUiOiJhdXRvIiwicHJlc2VydmVSb3dDb2xvciI6ZmFsc2UsInJlbGF0aXZlV2lkdGgiOiJ3aW5kb3ciLCJoZWFkZXJGdWxseU1lcmdlZCI6ZmFsc2UsIm1vZGVPcHRpb25zIjp7ImF1dG8iOnsidG9wUm93QXNIZWFkZXIiOnsiZGVza3RvcCI6ZmFsc2UsInRhYmxldCI6dHJ1ZSwibW9iaWxlIjp0cnVlfSwicmVwZWF0TWVyZ2VkSGVhZGVyIjp7ImRlc2t0b3AiOnRydWUsInRhYmxldCI6dHJ1ZSwibW9iaWxlIjp0cnVlfSwic3RhdGljVG9wUm93Ijp7ImRlc2t0b3AiOmZhbHNlLCJ0YWJsZXQiOmZhbHNlLCJtb2JpbGUiOmZhbHNlfSwiY2VsbFN0YWNrRGlyZWN0aW9uIjp7ImRlc2t0b3AiOiJyb3ciLCJ0YWJsZXQiOiJyb3ciLCJtb2JpbGUiOiJyb3cifSwiY2VsbHNQZXJSb3ciOnsiZGVza3RvcCI6MSwidGFibGV0IjoxLCJtb2JpbGUiOjF9fX0sImJyZWFrcG9pbnRzIjp7ImRlc2t0b3AiOnsibmFtZSI6ImRlc2t0b3AiLCJ3aWR0aCI6MTAyNH0sInRhYmxldCI6eyJuYW1lIjoidGFibGV0Iiwid2lkdGgiOjcwMH0sIm1vYmlsZSI6eyJuYW1lIjoibW9iaWxlIiwid2lkdGgiOjMwMH19fQ==\" data-wptb-adaptive-table=\"0\" data-wptb-table-alignment=\"center\" data-table-columns=\"3\" data-wptb-header-background-color=\"\" data-wptb-even-row-background-color=\"\" data-wptb-odd-row-background-color=\"\"><tbody><tr class=\"wptb-row\" data-wptb-bg-color=\"\"><td class=\"wptb-cell\" style=\"border: 1px solid rgb(209, 209, 209); padding: 20px; width: 171px;\" data-x-index=\"0\" data-y-index=\"0\"><div class=\"wptb-image-container wptb-ph-element wptb-element-image-1\"><div class=\"wptb-image-wrapper\">            <a style=\"display: block; width: 69%;\" class=\"\"><img loading=\"lazy\" decoding=\"async\" src=\"\/\/www.leliseron.com\/wp-content\/uploads\/2014\/01\/logo_ville-de-besancon1.gif\" style=\"width: 100%;\" width=\"243\" height=\"94\"><\/a>        <\/div><\/div><\/td><td class=\"wptb-cell\" style=\"border: 1px solid rgb(209, 209, 209); padding: 20px;\" data-x-index=\"1\" data-y-index=\"0\" data-wptb-css-td-auto-width=\"true\"><div class=\"wptb-text-container wptb-ph-element wptb-element-text-3\"><div class=\"\" style=\"position: relative;\"><p style=\"text-align: center;\"><strong class=\"\"><a data-mce-href=\"http:\/\/www.besancon.fr\" href=\"http:\/\/www.besancon.fr\" target=\"_blank\" title=\"Ville de Besan\u00e7on\" rel=\"noopener\">Ville de Besan\u00e7on<\/a><br><\/strong>2 rue Megevand, 25000 Besan\u00e7on<strong><br><\/strong>T\u00e9l. : 03 81 61 50 50<strong><br><\/strong><\/p><p style=\"text-align: center;\"><strong><\/strong><\/p><\/div><\/div><\/td><td class=\"wptb-cell wptb-ondragenter\" style=\"border: 1px solid rgb(209, 209, 209); padding: 20px; width: 62px;\" data-x-index=\"2\" data-y-index=\"0\"><div class=\"wptb-button-container wptb-ph-element wptb-element-button-1\"><div class=\"wptb-button-wrapper wptb-size-m\" style=\"justify-content: center;\">        <a class=\"\" href=\"https:\/\/www.facebook.com\/mairiedebesancon\">          <div class=\"wptb-button wptb-plugin-button-order-left\" style=\"position: relative; transform: scale(1); border-radius: 20px; background-color: rgb(30, 115, 190);\" data-wptb-element-bg-color=\"#1e73be\" data-wptb-element-color=\"rgb(255, 255, 255)\" wptbelementhoverbgcolor=\"\" wptbelementhovertextcolor=\"\" data-wptb-element-hover-scale=\"1\"><p style=\"font-size: 18px;\"><br><\/p><div class=\"wptb-button-icon\" data-wptb-button-icon-src=\"facebook-square\" wptbelementhoverbgcolor=\"\" wptbelementhovertextcolor=\"\" data-wptb-element-hover-scale=\"1\"><svg xmlns=\"http:\/\/www.w3.org\/2000\/svg\" viewBox=\"0 0 448 512\"><path d=\"M400 32H48A48 48 0 0 0 0 80v352a48 48 0 0 0 48 48h137.25V327.69h-63V256h63v-54.64c0-62.15 37-96.48 93.67-96.48 27.14 0 55.52 4.84 55.52 4.84v61h-31.27c-30.81 0-40.42 19.12-40.42 38.73V256h68.78l-11 71.69h-57.78V480H400a48 48 0 0 0 48-48V80a48 48 0 0 0-48-48z\"><\/path><\/svg><\/div><\/div>        <\/a>      <\/div><\/div><\/td><\/tr><tr class=\"wptb-row\" data-wptb-bg-color=\"\"><td class=\"wptb-cell\" style=\"border: 1px solid rgb(209, 209, 209); padding: 20px; width: 171px;\" data-x-index=\"0\" data-y-index=\"1\"><div class=\"wptb-image-container wptb-ph-element wptb-element-image-14\"><div class=\"wptb-image-wrapper\">            <a style=\"display: block; width: 83%;\" class=\"\"><img loading=\"lazy\" decoding=\"async\" src=\"\/\/www.leliseron.com\/wp-content\/uploads\/2014\/01\/LOGO_dep25_2014_rvb.jpg\" style=\"width: 100%;\" width=\"1000\" height=\"426\"><\/a>        <\/div><\/div><\/td><td class=\"wptb-cell\" style=\"border: 1px solid rgb(209, 209, 209); padding: 20px;\" data-x-index=\"1\" data-y-index=\"1\" data-wptb-css-td-auto-width=\"true\"><div class=\"wptb-text-container wptb-ph-element wptb-element-text-27\"><div class=\"\" style=\"position: relative;\"><p style=\"text-align: center;\"><a data-mce-href=\"https:\/\/www.doubs.fr\/\" href=\"https:\/\/www.doubs.fr\/\" target=\"_blank\" title=\"Conseil d\u00e9partemental du Doubs\" rel=\"noopener\"><strong>Conseil d\u00e9partemental du Doubs<\/strong><\/a><br>7 Avenue de la Gare d&rsquo;Eau, 25000 Besan\u00e7on<br>T\u00e9l.: 03 81 25 81 25<\/p><\/div><\/div><\/td><td class=\"wptb-cell\" style=\"border: 1px solid rgb(209, 209, 209); padding: 20px; width: 62px;\" data-x-index=\"2\" data-y-index=\"1\"><div class=\"wptb-button-container wptb-ph-element wptb-ondragenter wptb-element-button-12\"><div class=\"wptb-button-wrapper wptb-size-m\" style=\"justify-content: center;\">        <a class=\"\" href=\"https:\/\/www.facebook.com\/cddoubs\">          <div class=\"wptb-button wptb-plugin-button-order-left\" style=\"position: relative; transform: scale(1); border-radius: 20px; background-color: rgb(30, 115, 190);\" data-wptb-element-bg-color=\"#1e73be\" data-wptb-element-color=\"rgb(255, 255, 255)\" wptbelementhoverbgcolor=\"\" wptbelementhovertextcolor=\"\" data-wptb-element-hover-scale=\"1\"><p style=\"font-size: 18px;\"><br><\/p><div class=\"wptb-button-icon\" data-wptb-button-icon-src=\"facebook-square\" wptbelementhoverbgcolor=\"\" wptbelementhovertextcolor=\"\" data-wptb-element-hover-scale=\"1\"><svg xmlns=\"http:\/\/www.w3.org\/2000\/svg\" viewBox=\"0 0 448 512\"><path d=\"M400 32H48A48 48 0 0 0 0 80v352a48 48 0 0 0 48 48h137.25V327.69h-63V256h63v-54.64c0-62.15 37-96.48 93.67-96.48 27.14 0 55.52 4.84 55.52 4.84v61h-31.27c-30.81 0-40.42 19.12-40.42 38.73V256h68.78l-11 71.69h-57.78V480H400a48 48 0 0 0 48-48V80a48 48 0 0 0-48-48z\"><\/path><\/svg><\/div><\/div>        <\/a>      <\/div><\/div><\/td><\/tr><tr class=\"wptb-row\" data-wptb-bg-color=\"\"><td class=\"wptb-cell\" data-y-index=\"2\" data-x-index=\"0\" style=\"border: 1px solid rgb(209, 209, 209); padding: 20px; width: 171px;\" data-sorted-horizontal=\"ask-disabled\" data-sorted-vertical=\"ask-disabled\" data-wptb-cell-vertical-alignment=\"center\"><div class=\"wptb-image-container wptb-ph-element wptb-element-image-8\"><div class=\"wptb-image-wrapper\">            <a style=\"display: block; width: 97%;\" class=\"\"><img loading=\"lazy\" decoding=\"async\" src=\"\/\/www.leliseron.com\/wp-content\/uploads\/2017\/02\/Logo-Bourgogne-Franche-Comte.jpg\" style=\"width: 100%;\" width=\"858\" height=\"482\"><\/a>        <\/div><\/div><div class=\"wptb-text-container wptb-ph-element wptb-element-text-2\"><div class=\"\" style=\"position: relative;\"><p><\/p><\/div><\/div><\/td><td class=\"wptb-cell\" data-y-index=\"2\" data-x-index=\"1\" style=\"border: 1px solid rgb(209, 209, 209); padding: 20px;\" data-wptb-css-td-auto-width=\"true\" data-sorted-vertical=\"ask-disabled\"><div class=\"wptb-text-container wptb-ph-element wptb-element-text-28\"><div class=\"\" style=\"position: relative;\"><p style=\"text-align: center;\"><a data-mce-href=\"https:\/\/www.bourgognefranchecomte.fr\/\" href=\"https:\/\/www.bourgognefranchecomte.fr\/\" target=\"_blank\" title=\"R\u00e9gion Bourgogne Franche-Comt\u00e9\" rel=\"noopener\" class=\"\"><strong>R\u00e9gion Bourgogne Franche-Comt\u00e9<\/strong><\/a><br>4 Square Castan, 25000 Besan\u00e7on<br>T\u00e9l.: 03 81 61 61 61<\/p><\/div><\/div><\/td><td class=\"wptb-cell\" data-y-index=\"2\" data-x-index=\"2\" style=\"border: 1px solid rgb(209, 209, 209); padding: 20px; width: 62px;\" data-sorted-vertical=\"ask-disabled\" data-wptb-cell-vertical-alignment=\"center\"><div class=\"wptb-button-container wptb-ph-element wptb-element-button-6\"><div class=\"wptb-button-wrapper wptb-size-m\" style=\"justify-content: center;\">        <a class=\"\" href=\"https:\/\/www.facebook.com\/regionbourgognefranchecomte\">          <div class=\"wptb-button wptb-plugin-button-order-left\" style=\"position: relative; transform: scale(1); border-radius: 20px; background-color: rgb(30, 115, 190);\" data-wptb-element-bg-color=\"#1e73be\" data-wptb-element-color=\"rgb(255, 255, 255)\" wptbelementhoverbgcolor=\"\" wptbelementhovertextcolor=\"\" data-wptb-element-hover-scale=\"1\"><p style=\"font-size: 18px;\"><br><\/p><div class=\"wptb-button-icon\" data-wptb-button-icon-src=\"facebook-square\" wptbelementhoverbgcolor=\"\" wptbelementhovertextcolor=\"\" data-wptb-element-hover-scale=\"1\"><svg xmlns=\"http:\/\/www.w3.org\/2000\/svg\" viewBox=\"0 0 448 512\"><path d=\"M400 32H48A48 48 0 0 0 0 80v352a48 48 0 0 0 48 48h137.25V327.69h-63V256h63v-54.64c0-62.15 37-96.48 93.67-96.48 27.14 0 55.52 4.84 55.52 4.84v61h-31.27c-30.81 0-40.42 19.12-40.42 38.73V256h68.78l-11 71.69h-57.78V480H400a48 48 0 0 0 48-48V80a48 48 0 0 0-48-48z\"><\/path><\/svg><br><\/div><\/div>        <\/a>      <\/div><\/div><\/td><\/tr><tr class=\"wptb-row\" data-wptb-bg-color=\"\"><td class=\"wptb-cell\" data-y-index=\"3\" data-x-index=\"0\" style=\"border: 1px solid rgb(209, 209, 209); padding: 20px; width: 171px;\" data-sorted-horizontal=\"ask-disabled\"><div class=\"wptb-image-container wptb-ph-element wptb-element-image-15\"><div class=\"wptb-image-wrapper\">            <a style=\"display: block;\"><img loading=\"lazy\" decoding=\"async\" src=\"\/\/www.leliseron.com\/wp-content\/uploads\/2021\/01\/Logo_EFS.png\" style=\"width: 100%;\" width=\"1024\" height=\"432\"><\/a>        <\/div><\/div><\/td><td class=\"wptb-cell\" data-y-index=\"3\" data-x-index=\"1\" style=\"border: 1px solid rgb(209, 209, 209); padding: 20px;\" data-wptb-css-td-auto-width=\"true\"><div class=\"wptb-text-container wptb-ph-element wptb-element-text-29\"><div class=\"\" style=\"position: relative;\"><p style=\"text-align: center;\"><a data-mce-href=\"https:\/\/www.efs.sante.fr\/region\/bourgogne-franche-comte\" href=\"https:\/\/www.efs.sante.fr\/region\/bourgogne-franche-comte\" target=\"_blank\" title=\"EFS - Maison du don - Besan\u00e7on\" rel=\"noopener\"><strong>EFS &#8211; Maison du don &#8211; Besan\u00e7on<\/strong><\/a><br> Actions communes don du sang<br>et don de moelle osseuse.<br>8, rue du Dr Jean-Fran\u00e7ois Xavier Girod, <br>25020 Besan\u00e7on &#8211; Cedex BP 1937<br>T\u00e9l.: 03 81 61 56 15<\/p><\/div><\/div><\/td><td class=\"wptb-cell\" data-y-index=\"3\" data-x-index=\"2\" style=\"border: 1px solid rgb(209, 209, 209); padding: 20px; width: 62px;\"><div class=\"wptb-button-container wptb-ph-element wptb-element-button-5\"><div class=\"wptb-button-wrapper wptb-size-m\" style=\"justify-content: center;\">        <a class=\"\" href=\"https:\/\/www.facebook.com\/EtablissementFrancaisduSang\">          <div class=\"wptb-button wptb-plugin-button-order-left\" style=\"position: relative; transform: scale(1); border-radius: 20px; background-color: rgb(30, 115, 190);\" data-wptb-element-bg-color=\"#1e73be\" data-wptb-element-color=\"rgb(255, 255, 255)\" wptbelementhoverbgcolor=\"\" wptbelementhovertextcolor=\"\" data-wptb-element-hover-scale=\"1\"><p style=\"font-size: 18px;\"><br><\/p><div class=\"wptb-button-icon\" data-wptb-button-icon-src=\"facebook-square\" wptbelementhoverbgcolor=\"\" wptbelementhovertextcolor=\"\" data-wptb-element-hover-scale=\"1\"><svg xmlns=\"http:\/\/www.w3.org\/2000\/svg\" viewBox=\"0 0 448 512\"><path d=\"M400 32H48A48 48 0 0 0 0 80v352a48 48 0 0 0 48 48h137.25V327.69h-63V256h63v-54.64c0-62.15 37-96.48 93.67-96.48 27.14 0 55.52 4.84 55.52 4.84v61h-31.27c-30.81 0-40.42 19.12-40.42 38.73V256h68.78l-11 71.69h-57.78V480H400a48 48 0 0 0 48-48V80a48 48 0 0 0-48-48z\"><\/path><\/svg><br><\/div><\/div>        <\/a>      <\/div><\/div><\/td><\/tr><tr class=\"wptb-row\" data-wptb-bg-color=\"\"><td class=\"wptb-cell\" data-y-index=\"4\" data-x-index=\"0\" style=\"border: 1px solid rgb(209, 209, 209); padding: 20px; width: 171px;\" data-sorted-horizontal=\"ask-disabled\"><div class=\"wptb-image-container wptb-ph-element wptb-element-image-16\"><div class=\"wptb-image-wrapper\">            <a style=\"display: block; width: 94%;\"><img loading=\"lazy\" decoding=\"async\" src=\"\/\/www.leliseron.com\/wp-content\/uploads\/2021\/01\/logo-Agence-de-la-Biome\u0301decine.png\" style=\"width: 100%;\" width=\"159\" height=\"49\"><\/a>        <\/div><\/div><\/td><td class=\"wptb-cell\" data-y-index=\"4\" data-x-index=\"1\" style=\"border: 1px solid rgb(209, 209, 209); padding: 20px;\" data-wptb-css-td-auto-width=\"true\"><div class=\"wptb-text-container wptb-ph-element wptb-element-text-30\"><div class=\"\" style=\"position: relative;\"><p style=\"text-align: center;\"><a data-mce-href=\"https:\/\/www.agence-biomedecine.fr\/\" href=\"https:\/\/www.agence-biomedecine.fr\/\" target=\"_blank\" title=\"Agence de la Biom\u00e9decine\" rel=\"noopener\"><strong>Agence de la Biom\u00e9decine<\/strong><\/a><br>Les \u00e9changes du Liseron avec elle portent<\/p><p style=\"text-align: center;\">sur la promotion du don de moelle osseuse<\/p><p style=\"text-align: center;\">et l&rsquo;\u00e9tat annuel du fichier des donneurs<\/p><p style=\"text-align: center;\">de moelle franc-comtois.<br><\/p><p style=\"text-align: center;\"><\/p><\/div><\/div><\/td><td class=\"wptb-cell\" data-y-index=\"4\" data-x-index=\"2\" style=\"border: 1px solid rgb(209, 209, 209); padding: 20px; width: 62px;\"><div class=\"wptb-button-container wptb-ph-element wptb-element-button-10\"><div class=\"wptb-button-wrapper wptb-size-m\" style=\"justify-content: center;\">        <a class=\"\" href=\"https:\/\/www.youtube.com\/channel\/UCxbqRMcfj6xvHG3uPqTw2GQ\" style=\"\">          <div class=\"wptb-button wptb-plugin-button-order-left\" style=\"position: relative; transform: scale(1); border-radius: 20px; background-color: rgb(30, 115, 190);\" data-wptb-element-bg-color=\"#1e73be\" data-wptb-element-color=\"rgb(255, 255, 255)\" wptbelementhoverbgcolor=\"\" wptbelementhovertextcolor=\"\" data-wptb-element-hover-scale=\"1\"><p style=\"font-size: 18px;\"><br><\/p><div class=\"wptb-button-icon\" data-wptb-button-icon-src=\"youtube-square\" wptbelementhoverbgcolor=\"\" wptbelementhovertextcolor=\"\" data-wptb-element-hover-scale=\"1\" style=\"width: 25px; height: 25px;\"><svg xmlns=\"http:\/\/www.w3.org\/2000\/svg\" viewBox=\"0 0 448 512\"><path d=\"M186.8 202.1l95.2 54.1-95.2 54.1V202.1zM448 80v352c0 26.5-21.5 48-48 48H48c-26.5 0-48-21.5-48-48V80c0-26.5 21.5-48 48-48h352c26.5 0 48 21.5 48 48zm-42 176.3s0-59.6-7.6-88.2c-4.2-15.8-16.5-28.2-32.2-32.4C337.9 128 224 128 224 128s-113.9 0-142.2 7.7c-15.7 4.2-28 16.6-32.2 32.4-7.6 28.5-7.6 88.2-7.6 88.2s0 59.6 7.6 88.2c4.2 15.8 16.5 27.7 32.2 31.9C110.1 384 224 384 224 384s113.9 0 142.2-7.7c15.7-4.2 28-16.1 32.2-31.9 7.6-28.5 7.6-88.1 7.6-88.1z\"><\/path><\/svg><\/div><\/div>        <\/a>      <\/div><\/div><\/td><\/tr><\/tbody><\/table>\n<\/div>\n<\/div>","protected":false},"excerpt":{"rendered":"","protected":false},"author":1,"featured_media":0,"parent":191,"menu_order":0,"comment_status":"closed","ping_status":"closed","template":"","meta":{"footnotes":""},"class_list":["post-194","page","type-page","status-publish","hentry","column","threecol"],"_links":{"self":[{"href":"http:\/\/leliseron.com\/index.php?rest_route=\/wp\/v2\/pages\/194","targetHints":{"allow":["GET"]}}],"collection":[{"href":"http:\/\/leliseron.com\/index.php?rest_route=\/wp\/v2\/pages"}],"about":[{"href":"http:\/\/leliseron.com\/index.php?rest_route=\/wp\/v2\/types\/page"}],"author":[{"embeddable":true,"href":"http:\/\/leliseron.com\/index.php?rest_route=\/wp\/v2\/users\/1"}],"replies":[{"embeddable":true,"href":"http:\/\/leliseron.com\/index.php?rest_route=%2Fwp%2Fv2%2Fcomments&post=194"}],"version-history":[{"count":6,"href":"http:\/\/leliseron.com\/index.php?rest_route=\/wp\/v2\/pages\/194\/revisions"}],"predecessor-version":[{"id":3433,"href":"http:\/\/leliseron.com\/index.php?rest_route=\/wp\/v2\/pages\/194\/revisions\/3433"}],"up":[{"embeddable":true,"href":"http:\/\/leliseron.com\/index.php?rest_route=\/wp\/v2\/pages\/191"}],"wp:attachment":[{"href":"http:\/\/leliseron.com\/index.php?rest_route=%2Fwp%2Fv2%2Fmedia&parent=194"}],"curies":[{"name":"wp","href":"https:\/\/api.w.org\/{rel}","templated":true}]}}