{"id":18,"date":"2013-09-17T11:45:32","date_gmt":"2013-09-17T10:45:32","guid":{"rendered":"http:\/\/www.leliseron.com\/?page_id=18"},"modified":"2013-12-09T22:56:56","modified_gmt":"2013-12-09T21:56:56","slug":"lassociation","status":"publish","type":"page","link":"http:\/\/leliseron.com\/?page_id=18","title":{"rendered":"L&rsquo;association"},"content":{"rendered":"<p style=\"text-align: center;\"><a href=\"http:\/\/www.leliseron.com\/wp-content\/uploads\/2013\/10\/cropped-montage-mains2.jpg\"><img loading=\"lazy\" decoding=\"async\" class=\"size-medium wp-image-142 aligncenter\" alt=\"cropped-montage-mains2.jpg\" src=\"http:\/\/www.leliseron.com\/wp-content\/uploads\/2013\/10\/cropped-montage-mains2-300x80.jpg\" width=\"603\" height=\"171\" \/><\/a>Le LISERON est une association franc-comtoise cr\u00e9\u00e9e en 1989<br \/>\n\u00e0 l&rsquo;initiative de trois mamans dans le Service Massonnat<br \/>\nde l&rsquo;h\u00f4pital Saint-Jacques \u00e0 Besan\u00e7on.<\/p>\n<p>&nbsp;<\/p>\n<h5><strong>LES BUTS DE L&rsquo;ASSOCIATION<\/strong><\/h5>\n<ul>\n<li>Aider les patients, petits et grands, atteints de cancers soign\u00e9s au CHUR de Besan\u00e7on ;<\/li>\n<li>Soutenir et aider les familles touch\u00e9es par la maladie d&rsquo;un des leurs.<\/li>\n<\/ul>\n<h5><span style=\"color: #333333;\"><strong><img loading=\"lazy\" decoding=\"async\" class=\"size-full wp-image-373 aligncenter\" alt=\"spacer\" src=\"http:\/\/www.leliseron.com\/wp-content\/uploads\/2013\/10\/spacer.gif\" width=\"10\" height=\"10\" \/><span style=\"color: #808080;\">LES MEMBRES<\/span><\/strong><\/span><\/h5>\n<ul>\n<li>Une \u00e9quipe de 25 b\u00e9n\u00e9voles, active dans les deux p\u00f4les hospitaliers ;<\/li>\n<li>300 adh\u00e9rents et de larges cercles de fraternit\u00e9.<\/li>\n<\/ul>\n<p style=\"text-align: center;\"><span style=\"color: #ff9900;\">________________________________<\/span><\/p>\n<p style=\"text-align: left; padding-left: 270px;\"><a title=\"Le mot du pr\u00e9sident\" href=\"http:\/\/www.leliseron.com\/?page_id=8\">\u2192 Le mot du pr\u00e9sident<\/a><br \/>\n<a title=\"Historique\" href=\"http:\/\/www.leliseron.com\/?page_id=160\">\u2192 Historique<\/a><br \/>\n<a title=\"Qui sommes-nous ?\" href=\"http:\/\/www.leliseron.com\/?page_id=145\">\u2192 Qui sommes-nous ?<\/a><br \/>\n<a title=\"Statuts\" href=\"http:\/\/www.leliseron.com\/?page_id=155\">\u2192 Statuts<\/a><br \/>\n<a title=\"Chiffres cl\u00e9s\" href=\"http:\/\/www.leliseron.com\/?page_id=157\">\u2192 Chiffres cl\u00e9s<\/a><br \/>\n<a title=\"Ressources\u2026\" href=\"http:\/\/www.leliseron.com\/?page_id=207\">\u2192 Ressources<\/a><\/p>\n","protected":false},"excerpt":{"rendered":"<p>Le LISERON est une association franc-comtoise cr\u00e9\u00e9e en 1989 \u00e0 l&rsquo;initiative de trois mamans dans le Service Massonnat de l&rsquo;h\u00f4pital Saint-Jacques \u00e0 Besan\u00e7on. &nbsp; LES BUTS DE L&rsquo;ASSOCIATION Aider les patients, petits et grands, atteints de cancers soign\u00e9s au CHUR de Besan\u00e7on ; Soutenir et aider les familles touch\u00e9es par &#8230;<\/p>\n","protected":false},"author":1,"featured_media":142,"parent":0,"menu_order":0,"comment_status":"closed","ping_status":"closed","template":"","meta":{"footnotes":""},"class_list":["post-18","page","type-page","status-publish","has-post-thumbnail","hentry","column","threecol","has-thumbnail"],"_links":{"self":[{"href":"http:\/\/leliseron.com\/index.php?rest_route=\/wp\/v2\/pages\/18","targetHints":{"allow":["GET"]}}],"collection":[{"href":"http:\/\/leliseron.com\/index.php?rest_route=\/wp\/v2\/pages"}],"about":[{"href":"http:\/\/leliseron.com\/index.php?rest_route=\/wp\/v2\/types\/page"}],"author":[{"embeddable":true,"href":"http:\/\/leliseron.com\/index.php?rest_route=\/wp\/v2\/users\/1"}],"replies":[{"embeddable":true,"href":"http:\/\/leliseron.com\/index.php?rest_route=%2Fwp%2Fv2%2Fcomments&post=18"}],"version-history":[{"count":12,"href":"http:\/\/leliseron.com\/index.php?rest_route=\/wp\/v2\/pages\/18\/revisions"}],"predecessor-version":[{"id":606,"href":"http:\/\/leliseron.com\/index.php?rest_route=\/wp\/v2\/pages\/18\/revisions\/606"}],"wp:featuredmedia":[{"embeddable":true,"href":"http:\/\/leliseron.com\/index.php?rest_route=\/wp\/v2\/media\/142"}],"wp:attachment":[{"href":"http:\/\/leliseron.com\/index.php?rest_route=%2Fwp%2Fv2%2Fmedia&parent=18"}],"curies":[{"name":"wp","href":"https:\/\/api.w.org\/{rel}","templated":true}]}}