{"id":178,"date":"2013-10-21T18:40:26","date_gmt":"2013-10-21T17:40:26","guid":{"rendered":"http:\/\/www.leliseron.com\/?page_id=178"},"modified":"2023-08-31T16:02:12","modified_gmt":"2023-08-31T14:02:12","slug":"devenir-benevole","status":"publish","type":"page","link":"http:\/\/leliseron.com\/?page_id=178","title":{"rendered":"Devenir b\u00e9n\u00e9vole"},"content":{"rendered":"<p style=\"text-align: center;\"><strong>L&rsquo;association recherche des personnes b\u00e9n\u00e9voles<br \/>\nayant quelques heures \u00e0 consacrer :<\/strong><\/p>\n<ul>\n<li>pour aider ou remplacer ponctuellement la secr\u00e9taire (saisie de courriers ou autres documents, archivage). Le secr\u00e9tariat est ouvert, actuellement, le mardi de 9 h \u00e0 12 h et le jeudi de 9h \u00e0 16 h ;<\/li>\n<li>pour devenir membre du\u00a0pilier \u00ab\u00a0gestion\u00a0\u00bb, simple administrateur avec des activit\u00e9s diverses et participant avec voix d\u00e9lib\u00e9rative au CA ;<\/li>\n<li>pour int\u00e9grer l&rsquo;\u00e9quipe visitant les patients en H\u00e9matologie Adulte au CHU Jean\u00a0Minjoz<br \/>\nle jeudi apr\u00e8s-midi ;<\/li>\n<li>pour int\u00e9grer l&rsquo;\u00e9quipe visitant les familles en H\u00e9matologie Oncologie P\u00e9diatrique<br \/>\nau CHU Jean\u00a0Minjoz ;<\/li>\n<li>pour \u00eatre simplement adh\u00e9rent se proposant pour aider l&rsquo;association Le Liseron \u00e0 l&rsquo;occasion de manifestations ou de \u00ab\u00a0coups de bourre\u00a0\u00bb.<\/li>\n<\/ul>\n<p style=\"text-align: center;\"><img loading=\"lazy\" decoding=\"async\" class=\"aligncenter size-full wp-image-373\" src=\"http:\/\/www.leliseron.com\/wp-content\/uploads\/2013\/10\/spacer.gif\" alt=\"spacer\" width=\"10\" height=\"10\" \/>Dans tous les cas, merci de prendre contact<br \/>\navec le pr\u00e9sident Monsieur Jean-Paul Vergon :<\/p>\n<ul>\n<li>en remplissant le formulaire de contact de ce site (rubrique <a href=\"http:\/\/www.leliseron.com\/?page_id=97\">CONTACT<\/a>) ;<\/li>\n<li>par courrier : Association Le Liseron, CHU Jean Minjoz, b\u00e2timent BLIA, 3 boulevard A. Fleming 25030 Besan\u00e7on Cedex ;<\/li>\n<li>par t\u00e9l\u00e9phone : 09 62 38 78 70 ;<\/li>\n<li>par mail : <a href=\"mailto:asso.leliseron@wanadoo.fr\">asso.leliseron@wanadoo.fr<\/a><\/li>\n<\/ul>\n","protected":false},"excerpt":{"rendered":"<p>L&rsquo;association recherche des personnes b\u00e9n\u00e9voles ayant quelques heures \u00e0 consacrer : pour aider ou remplacer ponctuellement la secr\u00e9taire (saisie de courriers ou autres documents, archivage). Le secr\u00e9tariat est ouvert, actuellement, le mardi de 9 h \u00e0 12 h et le jeudi de 9h \u00e0 16 h ; pour devenir membre &#8230;<\/p>\n","protected":false},"author":1,"featured_media":0,"parent":56,"menu_order":4,"comment_status":"open","ping_status":"closed","template":"","meta":{"footnotes":""},"class_list":["post-178","page","type-page","status-publish","hentry","column","threecol"],"_links":{"self":[{"href":"http:\/\/leliseron.com\/index.php?rest_route=\/wp\/v2\/pages\/178","targetHints":{"allow":["GET"]}}],"collection":[{"href":"http:\/\/leliseron.com\/index.php?rest_route=\/wp\/v2\/pages"}],"about":[{"href":"http:\/\/leliseron.com\/index.php?rest_route=\/wp\/v2\/types\/page"}],"author":[{"embeddable":true,"href":"http:\/\/leliseron.com\/index.php?rest_route=\/wp\/v2\/users\/1"}],"replies":[{"embeddable":true,"href":"http:\/\/leliseron.com\/index.php?rest_route=%2Fwp%2Fv2%2Fcomments&post=178"}],"version-history":[{"count":17,"href":"http:\/\/leliseron.com\/index.php?rest_route=\/wp\/v2\/pages\/178\/revisions"}],"predecessor-version":[{"id":4180,"href":"http:\/\/leliseron.com\/index.php?rest_route=\/wp\/v2\/pages\/178\/revisions\/4180"}],"up":[{"embeddable":true,"href":"http:\/\/leliseron.com\/index.php?rest_route=\/wp\/v2\/pages\/56"}],"wp:attachment":[{"href":"http:\/\/leliseron.com\/index.php?rest_route=%2Fwp%2Fv2%2Fmedia&parent=178"}],"curies":[{"name":"wp","href":"https:\/\/api.w.org\/{rel}","templated":true}]}}