{"id":176,"date":"2013-10-21T18:39:48","date_gmt":"2013-10-21T17:39:48","guid":{"rendered":"http:\/\/www.leliseron.com\/?page_id=176"},"modified":"2025-02-13T18:25:17","modified_gmt":"2025-02-13T17:25:17","slug":"vente-de-produits","status":"publish","type":"page","link":"http:\/\/leliseron.com\/?page_id=176","title":{"rendered":"Vente de produits"},"content":{"rendered":"<p>En achetant ces articles pour vous faire plaisir ou pour faire un cadeau, vous faites un geste de solidarit\u00e9 au profit des enfants, adolescents et adultes soign\u00e9s pour un cancer, une leuc\u00e9mie \u00e0 Besan\u00e7on.<\/p>\n<p style=\"text-align: center;\"><img loading=\"lazy\" decoding=\"async\" class=\"wp-image-373 aligncenter\" src=\"http:\/\/www.leliseron.com\/wp-content\/uploads\/2013\/10\/spacer.gif\" alt=\"spacer\" width=\"32\" height=\"40\" \/><\/p>\n<address style=\"text-align: left;\">&gt;&gt;\u00a0<a href=\"http:\/\/leliseron.com\/wp-content\/uploads\/2025\/02\/Tarifs-11-2024_articles-publicitaires.pdf\">T\u00e9l\u00e9charger la liste des produits et leur tarif.<\/a><\/address>\n","protected":false},"excerpt":{"rendered":"<p>En achetant ces articles pour vous faire plaisir ou pour faire un cadeau, vous faites un geste de solidarit\u00e9 au profit des enfants, adolescents et adultes soign\u00e9s pour un cancer, une leuc\u00e9mie \u00e0 Besan\u00e7on. &gt;&gt;\u00a0T\u00e9l\u00e9charger la liste des produits et leur tarif.<\/p>\n","protected":false},"author":1,"featured_media":0,"parent":56,"menu_order":3,"comment_status":"open","ping_status":"closed","template":"","meta":{"footnotes":""},"class_list":["post-176","page","type-page","status-publish","hentry","column","threecol"],"_links":{"self":[{"href":"http:\/\/leliseron.com\/index.php?rest_route=\/wp\/v2\/pages\/176","targetHints":{"allow":["GET"]}}],"collection":[{"href":"http:\/\/leliseron.com\/index.php?rest_route=\/wp\/v2\/pages"}],"about":[{"href":"http:\/\/leliseron.com\/index.php?rest_route=\/wp\/v2\/types\/page"}],"author":[{"embeddable":true,"href":"http:\/\/leliseron.com\/index.php?rest_route=\/wp\/v2\/users\/1"}],"replies":[{"embeddable":true,"href":"http:\/\/leliseron.com\/index.php?rest_route=%2Fwp%2Fv2%2Fcomments&post=176"}],"version-history":[{"count":22,"href":"http:\/\/leliseron.com\/index.php?rest_route=\/wp\/v2\/pages\/176\/revisions"}],"predecessor-version":[{"id":4476,"href":"http:\/\/leliseron.com\/index.php?rest_route=\/wp\/v2\/pages\/176\/revisions\/4476"}],"up":[{"embeddable":true,"href":"http:\/\/leliseron.com\/index.php?rest_route=\/wp\/v2\/pages\/56"}],"wp:attachment":[{"href":"http:\/\/leliseron.com\/index.php?rest_route=%2Fwp%2Fv2%2Fmedia&parent=176"}],"curies":[{"name":"wp","href":"https:\/\/api.w.org\/{rel}","templated":true}]}}