{"id":174,"date":"2013-10-21T18:39:03","date_gmt":"2013-10-21T17:39:03","guid":{"rendered":"http:\/\/www.leliseron.com\/?page_id=174"},"modified":"2023-08-31T16:00:10","modified_gmt":"2023-08-31T14:00:10","slug":"dons","status":"publish","type":"page","link":"http:\/\/leliseron.com\/?page_id=174","title":{"rendered":"Dons"},"content":{"rendered":"<p>Lorsque les donateurs pr\u00e9cisent la destination de leur don (num\u00e9raires ou mat\u00e9riel), les services accueillent le don ou sont avertis des sommes dont ils peuvent disposer pour leurs achats tourn\u00e9s vers le confort des patients et l&rsquo;accueil des familles.<\/p>\n<p>Les dons en num\u00e9raires, sans souhait d&rsquo;affectation particuli\u00e8re,<br \/>r\u00e9pondent \u00e0 des demandes pr\u00e9cises du personnel soignant et<br \/>des \u00e9ducatrices et sont \u00e9galement destin\u00e9s \u00e0 l&rsquo;aide financi\u00e8re directe<br \/>aux patients et de leur famille dans leur vie quotidienne et pour s\u00e9journer<br \/>aupr\u00e8s d&rsquo;un enfant greff\u00e9 hors de Franche-Comt\u00e9 (Strasbourg, Paris, Nancy, Lyon&#8230;).<\/p>\n<p style=\"text-align: center;\"><img loading=\"lazy\" decoding=\"async\" class=\" wp-image-1052 aligncenter\" style=\"margin-top: 30px; margin-bottom: 30px;\" src=\"http:\/\/www.leliseron.com\/wp-content\/uploads\/2013\/10\/carre-bleu.gif\" alt=\"separation\" width=\"15\" height=\"15\" \/><\/p>\n<h4>Vous d\u00e9sirez faire un don \u00e0 l&rsquo;association Le Liseron :<\/h4>\n<p>T\u00e9l\u00e9chargez le formulaire en bas de la page<br \/>et renvoyez le avec votre r\u00e8glement \u00e0 :<br \/>Association Le LISERON<br \/>CHU Jean Minjoz, b\u00e2timent BLIA<br \/>3, boulevard Alexandre Fleming<br \/>25030 Besan\u00e7on Cedex<\/p>\n<p>_____________<\/p>\n<p style=\"text-align: center;\">T\u00e9l\u00e9charger le bulletin d&rsquo;adh\u00e9sion<\/p>\n<p style=\"text-align: center;\"><a href=\"http:\/\/www.leliseron.com\/wp-content\/uploads\/2019\/06\/Bulletin_Adhesion-Don_LeLiseron.pdf\" target=\"_blank\" rel=\"noopener\"><img loading=\"lazy\" decoding=\"async\" class=\"aligncenter\" src=\"http:\/\/www.leliseron.com\/wp-content\/uploads\/2013\/09\/picto_telechargement-150x150.png\" alt=\"T\u00e9l\u00e9chargement\" width=\"38\" height=\"38\" \/><\/a><\/p>\n\n\n<p class=\"has-text-align-center\"><br><em>Les dons et adh\u00e9sions \u00e0 l\u2019association Le Liseron donnent droit<br>\u00e0 une r\u00e9duction d\u2019imp\u00f4ts \u00e9gale \u00e0 66 % du montant vers\u00e9<br>dans les limites fix\u00e9es par la loi en vigueur.<br>Un re\u00e7u fiscal vous sera adress\u00e9.<\/em><\/p>\n","protected":false},"excerpt":{"rendered":"<p>Lorsque les donateurs pr\u00e9cisent la destination de leur don (num\u00e9raires ou mat\u00e9riel), les services accueillent le don ou sont avertis des sommes dont ils peuvent disposer pour leurs achats tourn\u00e9s vers le confort des patients et l&rsquo;accueil des familles. Les dons en num\u00e9raires, sans souhait d&rsquo;affectation particuli\u00e8re,r\u00e9pondent \u00e0 des demandes &#8230;<\/p>\n","protected":false},"author":1,"featured_media":0,"parent":56,"menu_order":2,"comment_status":"closed","ping_status":"closed","template":"","meta":{"footnotes":""},"class_list":["post-174","page","type-page","status-publish","hentry","column","threecol"],"_links":{"self":[{"href":"http:\/\/leliseron.com\/index.php?rest_route=\/wp\/v2\/pages\/174","targetHints":{"allow":["GET"]}}],"collection":[{"href":"http:\/\/leliseron.com\/index.php?rest_route=\/wp\/v2\/pages"}],"about":[{"href":"http:\/\/leliseron.com\/index.php?rest_route=\/wp\/v2\/types\/page"}],"author":[{"embeddable":true,"href":"http:\/\/leliseron.com\/index.php?rest_route=\/wp\/v2\/users\/1"}],"replies":[{"embeddable":true,"href":"http:\/\/leliseron.com\/index.php?rest_route=%2Fwp%2Fv2%2Fcomments&post=174"}],"version-history":[{"count":23,"href":"http:\/\/leliseron.com\/index.php?rest_route=\/wp\/v2\/pages\/174\/revisions"}],"predecessor-version":[{"id":4178,"href":"http:\/\/leliseron.com\/index.php?rest_route=\/wp\/v2\/pages\/174\/revisions\/4178"}],"up":[{"embeddable":true,"href":"http:\/\/leliseron.com\/index.php?rest_route=\/wp\/v2\/pages\/56"}],"wp:attachment":[{"href":"http:\/\/leliseron.com\/index.php?rest_route=%2Fwp%2Fv2%2Fmedia&parent=174"}],"curies":[{"name":"wp","href":"https:\/\/api.w.org\/{rel}","templated":true}]}}