{"id":160,"date":"2013-10-21T14:17:44","date_gmt":"2013-10-21T13:17:44","guid":{"rendered":"http:\/\/www.leliseron.com\/?page_id=160"},"modified":"2014-02-13T12:22:35","modified_gmt":"2014-02-13T11:22:35","slug":"historique","status":"publish","type":"page","link":"http:\/\/leliseron.com\/?page_id=160","title":{"rendered":"Historique"},"content":{"rendered":"<h3>1988<\/h3>\n<p>Sylvie CAILLOT, Fran\u00e7oise MOURLA et Pascale GAUTHIER se rencontrent, en 1988<br \/>\ndans le Service d\u2019H\u00e9matologie Oncologie P\u00e9diatrique Massonnat de l\u2019h\u00f4pital Saint-Jacques<br \/>\n(Besan\u00e7on) o\u00f9 leurs enfants, Marinette, \u00c9lise et Thibaud sont soign\u00e9s pour une leuc\u00e9mie.<\/p>\n<p>Elles se constituent en Association de Parents d\u2019Enfants Leuc\u00e9mique (APEL) pour lever<br \/>\ndes fonds et \u00e9quiper la salle de jeux du Service.<br \/>\nD\u00e9claration de l&rsquo;association en pr\u00e9fecture sous la d\u00e9nomination \u00ab\u00a0APEL\u00a0\u00bb,<br \/>\nle 2 f\u00e9vrier 1989 (ref. 12008).<\/p>\n<p>Pendant le s\u00e9jour de leur enfant dans l\u2019unit\u00e9 de soins, la d\u00e9couverte de nombreuses insuffisantes techniques les conduit \u00e0 se mobiliser pour faire entendre la voix des parents. Elles investissent, avec eux, le bureau du Directeur G\u00e9n\u00e9ral de l\u2019H\u00f4pital, M. SEGNARD,<br \/>\n\u00e0 l\u2019\u00e9poque.<\/p>\n<h3>1989<\/h3>\n<p>La rechute d\u2019\u00c9lise et le besoin, pour elle, d\u2019une greffe de moelle osseuse, conduit les amis<br \/>\net les coll\u00e8gues des parents d\u2019\u00c9lise \u00e0 cr\u00e9er le Comit\u00e9 de Soutien \u00e0 \u00c9lise pour financer<br \/>\nla recherche d\u2019un donneur. A l\u2019\u00e9poque les typages n\u2019\u00e9taient pas pris en charge par l\u2019Institution de sant\u00e9.<\/p>\n<p>A la suite du d\u00e9c\u00e8s d\u2019\u00c9lise, le 19 d\u00e9cembre, le Comit\u00e9 de soutien se transforme en Association <strong>Le Liseron<\/strong>,<br \/>\nle 4 septembre 1991 et l\u2019argent collect\u00e9 dans la France enti\u00e8re (60 000 F) permet d\u2019\u00e9quiper les chambres de soins intensifs du service d\u2019un syst\u00e8me de t\u00e9l\u00e9surveillance, de financer l\u2019environnement de la \u00ab Bulle \u00bb de conteneurs de transfert st\u00e9rile et d\u2019acqu\u00e9rir des jouets pour la salle de jeux.<\/p>\n<h3>1991<\/h3>\n<ul>\n<li>Nouvelle d\u00e9nomination &#8211; LE LISERON &#8211; d\u00e9clar\u00e9e en pr\u00e9fecture le 16 ao\u00fbt 1991 ;<\/li>\n<li>1er Conseil d&rsquo;administration ;<\/li>\n<li>1er Bulletin ;<\/li>\n<li>1er Budget ;<\/li>\n<li>Affectation des locaux \u00e0 l&rsquo;association Le Liseron ;<\/li>\n<li>Cr\u00e9ation de l\u2019\u00e9quipe d\u2019h\u00e9mato A et modification correspondante des statuts ;<\/li>\n<li>D\u00e9claration d\u2019utilit\u00e9 publique.<\/li>\n<\/ul>\n<h3>1994<\/h3>\n<ul>\n<li>Nouveau si\u00e8ge social du Liseron d\u00e9clar\u00e9 le 3 mars 1994 :<br \/>\nService Massonnat &#8211; H\u00f4pital Saint-Jacques 25000 BESAN\u00c7ON<\/li>\n<\/ul>\n<h3>2012<\/h3>\n<ul>\n<li>Octobre 2012 : d\u00e9m\u00e9nagement \u00e0 l&rsquo;H\u00f4pital Minjoz<\/li>\n<\/ul>\n<h3>2013<\/h3>\n<ul>\n<li>Dernier CA ;<\/li>\n<li>Dernier budget.<br \/>\n<img loading=\"lazy\" decoding=\"async\" class=\" wp-image-373 aligncenter\" alt=\"spacer\" src=\"http:\/\/www.leliseron.com\/wp-content\/uploads\/2013\/10\/spacer.gif\" width=\"30\" height=\"40\" \/><\/li>\n<\/ul>\n","protected":false},"excerpt":{"rendered":"<p>1988 Sylvie CAILLOT, Fran\u00e7oise MOURLA et Pascale GAUTHIER se rencontrent, en 1988 dans le Service d\u2019H\u00e9matologie Oncologie P\u00e9diatrique Massonnat de l\u2019h\u00f4pital Saint-Jacques (Besan\u00e7on) o\u00f9 leurs enfants, Marinette, \u00c9lise et Thibaud sont soign\u00e9s pour une leuc\u00e9mie. Elles se constituent en Association de Parents d\u2019Enfants Leuc\u00e9mique (APEL) pour lever des fonds et &#8230;<\/p>\n","protected":false},"author":1,"featured_media":0,"parent":18,"menu_order":2,"comment_status":"closed","ping_status":"closed","template":"","meta":{"footnotes":""},"class_list":["post-160","page","type-page","status-publish","hentry","column","threecol"],"_links":{"self":[{"href":"http:\/\/leliseron.com\/index.php?rest_route=\/wp\/v2\/pages\/160","targetHints":{"allow":["GET"]}}],"collection":[{"href":"http:\/\/leliseron.com\/index.php?rest_route=\/wp\/v2\/pages"}],"about":[{"href":"http:\/\/leliseron.com\/index.php?rest_route=\/wp\/v2\/types\/page"}],"author":[{"embeddable":true,"href":"http:\/\/leliseron.com\/index.php?rest_route=\/wp\/v2\/users\/1"}],"replies":[{"embeddable":true,"href":"http:\/\/leliseron.com\/index.php?rest_route=%2Fwp%2Fv2%2Fcomments&post=160"}],"version-history":[{"count":14,"href":"http:\/\/leliseron.com\/index.php?rest_route=\/wp\/v2\/pages\/160\/revisions"}],"predecessor-version":[{"id":1017,"href":"http:\/\/leliseron.com\/index.php?rest_route=\/wp\/v2\/pages\/160\/revisions\/1017"}],"up":[{"embeddable":true,"href":"http:\/\/leliseron.com\/index.php?rest_route=\/wp\/v2\/pages\/18"}],"wp:attachment":[{"href":"http:\/\/leliseron.com\/index.php?rest_route=%2Fwp%2Fv2%2Fmedia&parent=160"}],"curies":[{"name":"wp","href":"https:\/\/api.w.org\/{rel}","templated":true}]}}