{"id":157,"date":"2013-10-21T14:16:16","date_gmt":"2013-10-21T13:16:16","guid":{"rendered":"http:\/\/www.leliseron.com\/?page_id=157"},"modified":"2014-03-03T15:10:37","modified_gmt":"2014-03-03T14:10:37","slug":"chiffres-cles","status":"publish","type":"page","link":"http:\/\/leliseron.com\/?page_id=157","title":{"rendered":"Chiffres cl\u00e9s"},"content":{"rendered":"<h3><strong>L\u2019\u00e9quipe H\u00e9mato Adulte :<\/strong><\/h3>\n<p><b>E<b>lle <\/b><\/b>est compos\u00e9e de neuf b\u00e9n\u00e9voles.<\/p>\n<p>Elle a fait en 2013 un total de <strong>644 visites<\/strong> directes aupr\u00e8s de malades hospitalis\u00e9s :<\/p>\n<ul>\n<li>497 en milieu ouvert \u00ab\u00a0H\u00e9mato Sud\u00a0\u00bb ;<\/li>\n<li>147 en \u00ab\u00a0H\u00e9mato Soins Intensifs\u00a0\u00bb.<\/li>\n<\/ul>\n","protected":false},"excerpt":{"rendered":"<p>L\u2019\u00e9quipe H\u00e9mato Adulte : Elle est compos\u00e9e de neuf b\u00e9n\u00e9voles. Elle a fait en 2013 un total de 644 visites directes aupr\u00e8s de malades hospitalis\u00e9s : 497 en milieu ouvert \u00ab\u00a0H\u00e9mato Sud\u00a0\u00bb ; 147 en \u00ab\u00a0H\u00e9mato Soins Intensifs\u00a0\u00bb.<\/p>\n","protected":false},"author":1,"featured_media":0,"parent":18,"menu_order":5,"comment_status":"closed","ping_status":"closed","template":"","meta":{"footnotes":""},"class_list":["post-157","page","type-page","status-publish","hentry","column","threecol"],"_links":{"self":[{"href":"http:\/\/leliseron.com\/index.php?rest_route=\/wp\/v2\/pages\/157","targetHints":{"allow":["GET"]}}],"collection":[{"href":"http:\/\/leliseron.com\/index.php?rest_route=\/wp\/v2\/pages"}],"about":[{"href":"http:\/\/leliseron.com\/index.php?rest_route=\/wp\/v2\/types\/page"}],"author":[{"embeddable":true,"href":"http:\/\/leliseron.com\/index.php?rest_route=\/wp\/v2\/users\/1"}],"replies":[{"embeddable":true,"href":"http:\/\/leliseron.com\/index.php?rest_route=%2Fwp%2Fv2%2Fcomments&post=157"}],"version-history":[{"count":5,"href":"http:\/\/leliseron.com\/index.php?rest_route=\/wp\/v2\/pages\/157\/revisions"}],"predecessor-version":[{"id":1095,"href":"http:\/\/leliseron.com\/index.php?rest_route=\/wp\/v2\/pages\/157\/revisions\/1095"}],"up":[{"embeddable":true,"href":"http:\/\/leliseron.com\/index.php?rest_route=\/wp\/v2\/pages\/18"}],"wp:attachment":[{"href":"http:\/\/leliseron.com\/index.php?rest_route=%2Fwp%2Fv2%2Fmedia&parent=157"}],"curies":[{"name":"wp","href":"https:\/\/api.w.org\/{rel}","templated":true}]}}