{"id":155,"date":"2013-10-21T14:15:59","date_gmt":"2013-10-21T13:15:59","guid":{"rendered":"http:\/\/www.leliseron.com\/?page_id=155"},"modified":"2014-02-19T10:46:01","modified_gmt":"2014-02-19T09:46:01","slug":"statuts","status":"publish","type":"page","link":"http:\/\/leliseron.com\/?page_id=155","title":{"rendered":"Statuts"},"content":{"rendered":"<ul>\n<li>Association sans but lucratif : \u00ab LE LISERON \u00bb<\/li>\n<li>D\u00e9clar\u00e9e \u00e0 la Pr\u00e9fecture du Doubs le 2 f\u00e9vrier 1989<\/li>\n<li>Inscrite au Journal Officiel le 2 f\u00e9vrier 1989 (R\u00e9f. 12008)<\/li>\n<li>Modification du titre d\u00e9clar\u00e9e le 16 ao\u00fbt 1991<\/li>\n<li>D\u00e9clar\u00e9e d\u2019int\u00e9r\u00eat g\u00e9n\u00e9ral le 3 novembre 2005<\/li>\n<\/ul>\n<p><span>\u00a0<\/span><\/p>\n<h5>ARTICLE 1 : CONSTITUTION ET D\u00c9NOMINATION<\/h5>\n<p>Il est fond\u00e9 entre les adh\u00e9rents aux pr\u00e9sents statuts, une association r\u00e9gie part la loi 1er juillet 1901 et le d\u00e9cret du 16 ao\u00fbt 1901 ayant pour titre : LE LISERON.<br \/>\n<span>\u00a0<\/span><\/p>\n<h5>ARTICLE 2 : OBJET ET MOYENS D\u2019ACTION<\/h5>\n<p>L\u2019association a pour objet l\u2019aide aux enfants, aux adolescents et aux adultes atteints du cancer et \u00e0 leur famille.<\/p>\n<p>Ses moyens d\u2019action reposent sur l\u2019engagement des b\u00e9n\u00e9voles dans les services d\u2019h\u00e9matologie oncologie p\u00e9diatrique et h\u00e9matologie adultes et dans l\u2019unit\u00e9 de gestion propre de l\u2019association. Ils portent sur la pr\u00e9sence, l\u2019\u00e9coute et l\u2019aide financi\u00e8re directe aux patients et \u00e0 leur famille, les demandes d\u2019aide financi\u00e8re des \u00e9quipes soignantes visant \u00e0 am\u00e9liorer le confort des patients. Dans ce but \u00e9galement, l\u2019achat de mat\u00e9riel m\u00e9dical peut intervenir \u00e0 titre exceptionnel.<\/p>\n<p>Les autres moyens d\u2019action du Liseron sont :<br \/>\n&#8211; la tenue de r\u00e9unions de travail et d\u2019assembl\u00e9es p\u00e9riodiques ;<br \/>\n&#8211; la publication d\u2019informations, de documents et d\u2019actions \u00e0 caract\u00e8re p\u00e9dagogique ;<br \/>\n&#8211; la formation ;<br \/>\n&#8211; les conf\u00e9rences ;<br \/>\n&#8211; la participation aux commissions intra-hospitali\u00e8res attach\u00e9es aux relations des usagers<br \/>\net \u00e0 la qualit\u00e9 de leur prise en charge ;<br \/>\n&#8211; l\u2019organisation de manifestations pouvant aider \u00e0 la r\u00e9alisation de l\u2019objet de l\u2019association ;<br \/>\nL\u2019association est ouverte aux parents et amis des patients.<\/p>\n<h6><\/h6>\n<h5>ARTICLE 3 : SI\u00c8GE SOCIAL<\/h5>\n<p>Le si\u00e8ge social de l\u2019association est fix\u00e9 au CHU Jean Minjoz,<br \/>\n3 bd Alexandre Fleming &#8211; 25030 BESANCON CEDEX.<br \/>\n<span>\u00a0<\/span><\/p>\n<h5>ARTICLE 4 : DUR\u00c9E<\/h5>\n<p>La dur\u00e9e de l\u2019association est illimit\u00e9e.<br \/>\n<span>\u00a0<\/span><\/p>\n<h5>ARTICLE 5 : COMPOSITION<\/h5>\n<p>L\u2019association se compose de membres actifs, de membres bienfaiteurs et de membres d\u2019honneur.<\/p>\n<p>a) Les membres actifs :<br \/>\nSont appel\u00e9s membres actifs, les membres de l\u2019association qui s\u2019acquittent d\u2019une cotisation fix\u00e9e annuellement par l\u2019Assembl\u00e9e G\u00e9n\u00e9rale.<\/p>\n<p>b) Les membres bienfaiteurs :<br \/>\nSont appel\u00e9s membres bienfaiteurs, les membres ayant fait un don ou un legs mais ne souhaitant pas devenir membres actifs. Ils ne disposent pas du droit de vote.<\/p>\n<p>c) Les membres d\u2019honneur :<br \/>\nTrois membres fondateurs, Sylvie Caillot, Fran\u00e7oise Mourla, Pascale Gauthier,<br \/>\nFran\u00e7oise Lajouanie, \u00e0 compter du 19 mars 2011.<\/p>\n<p>Ce titre peut \u00eatre d\u00e9cern\u00e9 \u00e9galement par le Conseil d\u2019Administration aux personnes<br \/>\nqui rendent ou qui ont rendu des services importants \u00e0 l\u2019association. Ils sont dispens\u00e9s<br \/>\ndu paiement d\u2019une cotisation mais conservent le droit de participer avec voix consultative<br \/>\naux Assembl\u00e9es G\u00e9n\u00e9rales.<br \/>\n<span>\u00a0<\/span><\/p>\n<h5>ARTICLE 6 : COTISATION<\/h5>\n<p>La cotisation due par les membres actifs est fix\u00e9e annuellement par l\u2019Assembl\u00e9e G\u00e9n\u00e9rale.<br \/>\n<span>\u00a0<\/span><\/p>\n<h5>ARTICLE 7 : CONDITIONS D\u2019ADH\u00c9SION<\/h5>\n<p>Chaque membre du Liseron est tenu de respecter les pr\u00e9sents statuts qui lui sont<br \/>\ncommuniqu\u00e9s \u00e0 l\u2019occasion de la convocation de l\u2019Assembl\u00e9e G\u00e9n\u00e9rale Ordinaire de l\u2019exercice<br \/>\nou directement s\u2019il adh\u00e8re le jour de l\u2019Assembl\u00e9e G\u00e9n\u00e9rale Ordinaire.<\/p>\n<p>\u2026<\/p>\n<p style=\"text-align: center;\"><em>T\u00e9l\u00e9charger l&rsquo;ensemble des statuts de l&rsquo;association Le Liseron<\/em><a href=\"http:\/\/www.leliseron.com\/wp-content\/uploads\/2013\/10\/LE-LISERON-STATUTS.pdf\" target=\"_blank\"><img loading=\"lazy\" decoding=\"async\" class=\"size-full wp-image-400 aligncenter\" alt=\"T\u00e9l\u00e9charger les statuts\" src=\"http:\/\/www.leliseron.com\/wp-content\/uploads\/2013\/12\/flech-telechargement.png\" width=\"45\" height=\"42\" \/><\/a><em>T\u00e9l\u00e9charger le r\u00e8glement int\u00e9rieur de l&rsquo;association Le Liseron<\/em><br \/>\n<a href=\"http:\/\/www.leliseron.com\/wp-content\/uploads\/2013\/10\/REGLEMENT-INTERIEUR.pdf\" target=\"_blank\"><img loading=\"lazy\" decoding=\"async\" class=\"aligncenter\" alt=\"T\u00e9l\u00e9charger les statuts\" src=\"http:\/\/www.leliseron.com\/wp-content\/uploads\/2013\/12\/flech-telechargement.png\" width=\"45\" height=\"42\" \/><\/a><\/p>\n","protected":false},"excerpt":{"rendered":"<p>Association sans but lucratif : \u00ab LE LISERON \u00bb D\u00e9clar\u00e9e \u00e0 la Pr\u00e9fecture du Doubs le 2 f\u00e9vrier 1989 Inscrite au Journal Officiel le 2 f\u00e9vrier 1989 (R\u00e9f. 12008) Modification du titre d\u00e9clar\u00e9e le 16 ao\u00fbt 1991 D\u00e9clar\u00e9e d\u2019int\u00e9r\u00eat g\u00e9n\u00e9ral le 3 novembre 2005 \u00a0 ARTICLE 1 : CONSTITUTION ET &#8230;<\/p>\n","protected":false},"author":1,"featured_media":0,"parent":18,"menu_order":4,"comment_status":"closed","ping_status":"closed","template":"","meta":{"footnotes":""},"class_list":["post-155","page","type-page","status-publish","hentry","column","threecol"],"_links":{"self":[{"href":"http:\/\/leliseron.com\/index.php?rest_route=\/wp\/v2\/pages\/155","targetHints":{"allow":["GET"]}}],"collection":[{"href":"http:\/\/leliseron.com\/index.php?rest_route=\/wp\/v2\/pages"}],"about":[{"href":"http:\/\/leliseron.com\/index.php?rest_route=\/wp\/v2\/types\/page"}],"author":[{"embeddable":true,"href":"http:\/\/leliseron.com\/index.php?rest_route=\/wp\/v2\/users\/1"}],"replies":[{"embeddable":true,"href":"http:\/\/leliseron.com\/index.php?rest_route=%2Fwp%2Fv2%2Fcomments&post=155"}],"version-history":[{"count":15,"href":"http:\/\/leliseron.com\/index.php?rest_route=\/wp\/v2\/pages\/155\/revisions"}],"predecessor-version":[{"id":1048,"href":"http:\/\/leliseron.com\/index.php?rest_route=\/wp\/v2\/pages\/155\/revisions\/1048"}],"up":[{"embeddable":true,"href":"http:\/\/leliseron.com\/index.php?rest_route=\/wp\/v2\/pages\/18"}],"wp:attachment":[{"href":"http:\/\/leliseron.com\/index.php?rest_route=%2Fwp%2Fv2%2Fmedia&parent=155"}],"curies":[{"name":"wp","href":"https:\/\/api.w.org\/{rel}","templated":true}]}}