{"id":1120,"date":"2014-03-12T09:59:19","date_gmt":"2014-03-12T08:59:19","guid":{"rendered":"http:\/\/www.leliseron.com\/?page_id=1120"},"modified":"2015-03-19T12:26:40","modified_gmt":"2015-03-19T11:26:40","slug":"actions-particulieres","status":"publish","type":"page","link":"http:\/\/leliseron.com\/?page_id=1120","title":{"rendered":"Actions particuli\u00e8res"},"content":{"rendered":"<p>L&rsquo;association Le Liseron s&rsquo;engage dans tous types d&rsquo;actions permettant d&rsquo;am\u00e9liorer la qualit\u00e9 de vie des patients durant leur s\u00e9jour \u00e0 l\u2019h\u00f4pital afin qu&rsquo;ils puissent tisser des liens positifs avec leur environnement proche et avec l&rsquo;ext\u00e9rieur de l&rsquo;h\u00f4pital en leur donnant des atouts de conscience et d&rsquo;image de soi positifs face \u00e0 la maladie.<\/p>\n<p style=\"text-align: center;\"><img loading=\"lazy\" decoding=\"async\" class=\"aligncenter size-full wp-image-1052\" style=\"margin-top: 30px; margin-bottom: 30px;\" src=\"http:\/\/www.leliseron.com\/wp-content\/uploads\/2013\/10\/carre-bleu.gif\" alt=\"separation\" width=\"15\" height=\"15\" \/>&gt;&gt; <a title=\"\u00c9quipe H\u00e9mato Adultes\" href=\"http:\/\/www.leliseron.com\/?page_id=1117\">L&rsquo;\u00e9quipe H\u00e9mato Adultes<\/a><br \/>\n&gt;&gt; <a title=\"Les Trappeurs\" href=\"http:\/\/www.leliseron.com\/?page_id=23\">Les Trappeurs<\/a><\/p>\n","protected":false},"excerpt":{"rendered":"<p>L&rsquo;association Le Liseron s&rsquo;engage dans tous types d&rsquo;actions permettant d&rsquo;am\u00e9liorer la qualit\u00e9 de vie des patients durant leur s\u00e9jour \u00e0 l\u2019h\u00f4pital afin qu&rsquo;ils puissent tisser des liens positifs avec leur environnement proche et avec l&rsquo;ext\u00e9rieur de l&rsquo;h\u00f4pital en leur donnant des atouts de conscience et d&rsquo;image de soi positifs face &#8230;<\/p>\n","protected":false},"author":1,"featured_media":0,"parent":0,"menu_order":0,"comment_status":"closed","ping_status":"closed","template":"","meta":{"footnotes":""},"class_list":["post-1120","page","type-page","status-publish","hentry","column","threecol"],"_links":{"self":[{"href":"http:\/\/leliseron.com\/index.php?rest_route=\/wp\/v2\/pages\/1120","targetHints":{"allow":["GET"]}}],"collection":[{"href":"http:\/\/leliseron.com\/index.php?rest_route=\/wp\/v2\/pages"}],"about":[{"href":"http:\/\/leliseron.com\/index.php?rest_route=\/wp\/v2\/types\/page"}],"author":[{"embeddable":true,"href":"http:\/\/leliseron.com\/index.php?rest_route=\/wp\/v2\/users\/1"}],"replies":[{"embeddable":true,"href":"http:\/\/leliseron.com\/index.php?rest_route=%2Fwp%2Fv2%2Fcomments&post=1120"}],"version-history":[{"count":5,"href":"http:\/\/leliseron.com\/index.php?rest_route=\/wp\/v2\/pages\/1120\/revisions"}],"predecessor-version":[{"id":1772,"href":"http:\/\/leliseron.com\/index.php?rest_route=\/wp\/v2\/pages\/1120\/revisions\/1772"}],"wp:attachment":[{"href":"http:\/\/leliseron.com\/index.php?rest_route=%2Fwp%2Fv2%2Fmedia&parent=1120"}],"curies":[{"name":"wp","href":"https:\/\/api.w.org\/{rel}","templated":true}]}}