{"id":1117,"date":"2014-03-03T15:56:20","date_gmt":"2014-03-03T14:56:20","guid":{"rendered":"http:\/\/www.leliseron.com\/?page_id=1117"},"modified":"2014-03-03T15:58:16","modified_gmt":"2014-03-03T14:58:16","slug":"actions-particulieres","status":"publish","type":"page","link":"http:\/\/leliseron.com\/?page_id=1117","title":{"rendered":"\u00c9quipe H\u00e9mato Adultes"},"content":{"rendered":"<ul>\n<li>\u00c9quipement dans les chambres\u00a0de t\u00e9l\u00e9vision et v\u00e9lo d\u2019appartement ;<\/li>\n<li>\u00a0Mise \u00e0 disposition d\u2019ordinateurs et de Boitier 3G pour apporter le wifi dans les chambres qui sont trop \u00e9loign\u00e9es des bornes de l\u2019h\u00f4pital ;<\/li>\n<li>\u00a0Achats d\u2019huiles essentielles, d\u00e9corations de No\u00ebl, rafraichisseurs d\u2019eau ;<\/li>\n<li>\u00a0Mise \u00e0 disposition de cadeaux pour l\u2019anniversaire des malades, attention tr\u00e8s pris\u00e9e des patients ;<\/li>\n<li>\u00a0Achat d\u2019abonnement de revues diverses\u00a0: VSD, \u00c7a m\u2019int\u00e9resse, Femme Actuelle, etc ;<\/li>\n<li>\u00a0L\u2019\u00e9quipe peut se mobiliser \u00e0 la demande du Cadre infirmier pour accompagner un malade en fin de vie, accompagner un adulte claustrophobe, et voire exceptionnellement aider \u00e0 l\u2019organisation d\u2019un mariage \u00e0 l\u2019h\u00f4pital ;<\/li>\n<li>Le Liseron finance les services d\u2019une esth\u00e9ticienne dont les soins sont propos\u00e9s aux patients\u00a0; ce service rencontre un tr\u00e8s vif int\u00e9r\u00eat, tant par les b\u00e9n\u00e9ficiaires que par le personnel soignant, qui constatent les grands bienfaits de ces soins sur les malades.<\/li>\n<li>\u00a0Une Musicologue participe \u00e9galement \u00e0 rendre le temps moins long aux patients qui le d\u00e9sirent ;<\/li>\n<li>Le Liseron offre ponctuellement des aides financi\u00e8res, mais toujours sous couvert de l\u2019Assistante Sociale du service ;<\/li>\n<li>\u00a0Une exposition de photos dans les couloirs du Service a \u00e9t\u00e9 organis\u00e9e d\u00e9but 2013.<\/li>\n<\/ul>\n","protected":false},"excerpt":{"rendered":"<p>\u00c9quipement dans les chambres\u00a0de t\u00e9l\u00e9vision et v\u00e9lo d\u2019appartement ; \u00a0Mise \u00e0 disposition d\u2019ordinateurs et de Boitier 3G pour apporter le wifi dans les chambres qui sont trop \u00e9loign\u00e9es des bornes de l\u2019h\u00f4pital ; \u00a0Achats d\u2019huiles essentielles, d\u00e9corations de No\u00ebl, rafraichisseurs d\u2019eau ; \u00a0Mise \u00e0 disposition de cadeaux pour l\u2019anniversaire des &#8230;<\/p>\n","protected":false},"author":1,"featured_media":0,"parent":20,"menu_order":0,"comment_status":"closed","ping_status":"closed","template":"","meta":{"footnotes":""},"class_list":["post-1117","page","type-page","status-publish","hentry","column","threecol"],"_links":{"self":[{"href":"http:\/\/leliseron.com\/index.php?rest_route=\/wp\/v2\/pages\/1117","targetHints":{"allow":["GET"]}}],"collection":[{"href":"http:\/\/leliseron.com\/index.php?rest_route=\/wp\/v2\/pages"}],"about":[{"href":"http:\/\/leliseron.com\/index.php?rest_route=\/wp\/v2\/types\/page"}],"author":[{"embeddable":true,"href":"http:\/\/leliseron.com\/index.php?rest_route=\/wp\/v2\/users\/1"}],"replies":[{"embeddable":true,"href":"http:\/\/leliseron.com\/index.php?rest_route=%2Fwp%2Fv2%2Fcomments&post=1117"}],"version-history":[{"count":2,"href":"http:\/\/leliseron.com\/index.php?rest_route=\/wp\/v2\/pages\/1117\/revisions"}],"predecessor-version":[{"id":1119,"href":"http:\/\/leliseron.com\/index.php?rest_route=\/wp\/v2\/pages\/1117\/revisions\/1119"}],"up":[{"embeddable":true,"href":"http:\/\/leliseron.com\/index.php?rest_route=\/wp\/v2\/pages\/20"}],"wp:attachment":[{"href":"http:\/\/leliseron.com\/index.php?rest_route=%2Fwp%2Fv2%2Fmedia&parent=1117"}],"curies":[{"name":"wp","href":"https:\/\/api.w.org\/{rel}","templated":true}]}}