{"id":1096,"date":"2014-03-03T15:15:54","date_gmt":"2014-03-03T14:15:54","guid":{"rendered":"http:\/\/www.leliseron.com\/?page_id=1096"},"modified":"2014-03-03T15:21:33","modified_gmt":"2014-03-03T14:21:33","slug":"les-benevoles","status":"publish","type":"page","link":"http:\/\/leliseron.com\/?page_id=1096","title":{"rendered":"Les b\u00e9n\u00e9voles"},"content":{"rendered":"<h3><strong>\u2022 \u00c9quipe h\u00e9mato adultes<\/strong><\/h3>\n<p>L\u2019\u00e9quipe se r\u00e9unit tous les jeudis apr\u00e8s-midi de 14\u00a0h \u00e0 18\u00a0h. Un point est fait sur les actions en cours. Un contact est pris avec les cadres infirmiers pour connaitre les particularit\u00e9s du jour.<\/p>\n<p>Les b\u00e9n\u00e9voles visitent les chambres par groupe de deux aussi bien en H\u00e9mato Sud\u00a0 que dans les chambres st\u00e9riles en Soins Intensifs. Les visites peuvent durer de 10 mn \u00e0 1 h si n\u00e9cessaire.<\/p>\n<p>Dans le secteur ouvert il est propos\u00e9 aux patients, dans leur chambre, des boissons chaudes ou froides ainsi que des petites douceurs. Il leur est possible ainsi qu\u2019\u00e0 leur famille de venir au \u00ab\u00a0Salon des familles\u00a0\u00bb o\u00f9 se trouvent les b\u00e9n\u00e9voles pour nous rencontrer et se voir offrir une boisson.<\/p>\n<p>Au salon, le b\u00e9n\u00e9vole re\u00e7oit les personnes de passage\u00a0: m\u00e9decins, psychologues, assistante sociale, r\u00e9f\u00e9rents religieux, personnels soignants, secr\u00e9taires, etc. Il peut aussi accueillir un patient en attente d\u2019une chambre ou une famille.<\/p>\n<p style=\"text-align: left;\">\u00c0 la fin des visites les b\u00e9n\u00e9voles se retrouvent pour faire le bilan de leur apr\u00e8s midi.<\/p>\n<p><img loading=\"lazy\" decoding=\"async\" class=\"aligncenter size-full wp-image-1052\" style=\"margin-top: 15px; margin-bottom: 15px;\" alt=\"separation\" src=\"http:\/\/www.leliseron.com\/wp-content\/uploads\/2013\/10\/carre-bleu.gif\" width=\"15\" height=\"15\" \/><\/p>\n","protected":false},"excerpt":{"rendered":"<p>\u2022 \u00c9quipe h\u00e9mato adultes L\u2019\u00e9quipe se r\u00e9unit tous les jeudis apr\u00e8s-midi de 14\u00a0h \u00e0 18\u00a0h. Un point est fait sur les actions en cours. Un contact est pris avec les cadres infirmiers pour connaitre les particularit\u00e9s du jour. Les b\u00e9n\u00e9voles visitent les chambres par groupe de deux aussi bien en &#8230;<\/p>\n","protected":false},"author":1,"featured_media":0,"parent":20,"menu_order":0,"comment_status":"closed","ping_status":"closed","template":"","meta":{"footnotes":""},"class_list":["post-1096","page","type-page","status-publish","hentry","column","threecol"],"_links":{"self":[{"href":"http:\/\/leliseron.com\/index.php?rest_route=\/wp\/v2\/pages\/1096","targetHints":{"allow":["GET"]}}],"collection":[{"href":"http:\/\/leliseron.com\/index.php?rest_route=\/wp\/v2\/pages"}],"about":[{"href":"http:\/\/leliseron.com\/index.php?rest_route=\/wp\/v2\/types\/page"}],"author":[{"embeddable":true,"href":"http:\/\/leliseron.com\/index.php?rest_route=\/wp\/v2\/users\/1"}],"replies":[{"embeddable":true,"href":"http:\/\/leliseron.com\/index.php?rest_route=%2Fwp%2Fv2%2Fcomments&post=1096"}],"version-history":[{"count":6,"href":"http:\/\/leliseron.com\/index.php?rest_route=\/wp\/v2\/pages\/1096\/revisions"}],"predecessor-version":[{"id":1103,"href":"http:\/\/leliseron.com\/index.php?rest_route=\/wp\/v2\/pages\/1096\/revisions\/1103"}],"up":[{"embeddable":true,"href":"http:\/\/leliseron.com\/index.php?rest_route=\/wp\/v2\/pages\/20"}],"wp:attachment":[{"href":"http:\/\/leliseron.com\/index.php?rest_route=%2Fwp%2Fv2%2Fmedia&parent=1096"}],"curies":[{"name":"wp","href":"https:\/\/api.w.org\/{rel}","templated":true}]}}